{"id":5822,"date":"2026-03-03T11:19:58","date_gmt":"2026-03-03T10:19:58","guid":{"rendered":"https:\/\/art4-info.com\/?page_id=5822"},"modified":"2026-03-27T17:32:08","modified_gmt":"2026-03-27T16:32:08","slug":"squares-art","status":"publish","type":"page","link":"https:\/\/art4-info.com\/pt-pt\/squares-art\/","title":{"rendered":"SQUARES ART"},"content":{"rendered":"<div id='full_slider_1'  class='avia-fullwidth-slider main_color avia-shadow   avia-builder-el-0  el_before_av_section  avia-builder-el-first   container_wrap fullsize' style=' '  ><div   data-size='featured'  data-lightbox_size='large'  data-animation='slide'  data-conditional_play=''  data-ids='1173'  data-video_counter='0'  data-autoplay='false'  data-bg_slider='false'  data-slide_height=''  data-handle='av_slideshow_full'  data-interval='5'  data-class=' '  data-el_id=''  data-css_id=''  data-scroll_down=''  data-control_layout='av-control-default'  data-custom_markup=''  data-perma_caption=''  data-autoplay_stopper=''  data-image_attachment=''  data-min_height='0px'  data-src=''  data-position='top left'  data-repeat='no-repeat'  data-attach='scroll'  data-stretch=''  data-default-height='28.6666666667'  class='avia-slideshow avia-slideshow-1  av-control-default av-default-height-applied avia-slideshow-featured av_slideshow_full   avia-slide-slider '  itemprop=\"image\" itemscope=\"itemscope\" itemtype=\"https:\/\/schema.org\/ImageObject\" ><ul class='avia-slideshow-inner ' style='padding-bottom: 28.6666666667%;' ><li  class=' av-single-slide slide-1 ' ><div data-rel='slideshow-1' class='avia-slide-wrap '   ><img src='https:\/\/art4-info.com\/wp-content\/uploads\/2021\/12\/ART4-1500x430.jpg' width='1500' height='430' title='' alt=''  itemprop=\"thumbnailUrl\"   \/><\/div><\/li><\/ul><\/div><\/div>\n<div id='av_section_1'  class='avia-section main_color avia-section-large avia-no-border-styling  avia-bg-style-scroll  avia-builder-el-1  el_after_av_slideshow_full  el_before_av_section   container_wrap fullsize' style='background-color: #f4f4f4;  '  ><div class='container' ><div class='template-page content  av-content-full alpha units'><div class='post-entry post-entry-type-page post-entry-5822'><div class='entry-content-wrapper clearfix'>\n<div class=\"flex_column av_one_full  flex_column_div av-zero-column-padding first  avia-builder-el-2  el_before_av_one_half  avia-builder-el-first  \" style='border-radius:0px; '><div  style='padding-bottom:10px; ' class='av-special-heading av-special-heading-h2 custom-color-heading blockquote modern-quote  avia-builder-el-3  avia-builder-el-no-sibling  '><h2 class='av-special-heading-tag '  itemprop=\"headline\"  >Objetos SQUARES ART &#8211; Dados e arte formam uma simbiose fascinante&#8230;<\/h2><div class='special-heading-border'><div class='special-heading-inner-border' ><\/div><\/div><\/div><\/div><div class=\"flex_column av_one_half  flex_column_div av-zero-column-padding first  avia-builder-el-4  el_after_av_one_full  el_before_av_one_half  column-top-margin\" style='border-radius:0px; '><div  class='avia-image-container  av-styling-  av-has-copyright av-copyright-icon-reveal   avia-builder-el-5  avia-builder-el-no-sibling  avia-align-center '  itemprop=\"image\" itemscope=\"itemscope\" itemtype=\"https:\/\/schema.org\/ImageObject\"  ><div class='avia-image-container-inner'><div class='avia-image-overlay-wrap'><img class='avia_image' src='https:\/\/art4-info.com\/wp-content\/uploads\/2026\/02\/THE-COLOURS-OF-TOGETHERNESS.jpg' alt='' title='THE-COLOURS-OF-TOGETHERNESS' height=\"1389\" width=\"1500\"  itemprop=\"thumbnailUrl\"  \/><\/div><small class='avia-copyright'>Objeto SQUARES ART da s\u00e9rie THE COLOURS OF TOGETHERNESS no formato 160 x 160 cm - \u00a9 Bruno Wilbert<\/small><\/div><\/div><\/div><div class=\"flex_column av_one_half  flex_column_div av-zero-column-padding   avia-builder-el-6  el_after_av_one_half  avia-builder-el-last  column-top-margin\" style='border-radius:0px; '><section class=\"av_textblock_section \"  itemscope=\"itemscope\" itemtype=\"https:\/\/schema.org\/CreativeWork\" ><div class='avia_textblock  '   itemprop=\"text\" ><p>Os\u00a0<strong style=\"font-style: inherit;\">objetos SQUARES ART<\/strong>\u00a0s\u00e3o compostos por quadrados coloridos e dispostos sistematicamente, que iluminam os espa\u00e7os de forma eficaz.<\/p>\n<p>Os objetos, com os seus elementos\u00a0<strong style=\"font-style: inherit;\">maxi<\/strong>minimalistas, capturam momentos significativos de uma forma \u00fanica, e qualquer data, bem como qualquer combina\u00e7\u00e3o de ano e data, fundem-se artisticamente nestes objetos numa unidade harmoniosa \u2013 assim, cada obra torna-se uma nova composi\u00e7\u00e3o e conta a sua pr\u00f3pria hist\u00f3ria.<\/p>\n<p>As respetivas datas s\u00e3o visualizadas atrav\u00e9s do posicionamento correspondente dos quadrados uns em rela\u00e7\u00e3o aos outros \u2013 orientado pelo princ\u00edpio de um rel\u00f3gio anal\u00f3gico. Este conceito de visualiza\u00e7\u00e3o \u00e9 \u00fanico em todo o mundo e torna os objetos presentes especiais para anivers\u00e1rios, casamentos, jubileus e in\u00fameras outras ocasi\u00f5es. A variedade \u00e9 quase ilimitada, pois mesmo nos pequenos\u00a0<strong style=\"font-style: inherit;\">objetos SQUARES ART<\/strong>\u00a0\u00e9 poss\u00edvel visualizar n\u00fameros entre 0 e um\u00a0<strong style=\"font-style: inherit;\">trilh\u00e3o<\/strong>.<\/p>\n<\/div><\/section><\/div>\n\n<\/div><\/div><\/div><!-- close content main div --><\/div><\/div><div id='av_section_2'  class='avia-section main_color avia-section-large avia-no-border-styling  avia-bg-style-scroll  avia-builder-el-8  el_after_av_section  el_before_av_section   container_wrap fullsize' style='background-color: #f4f4f4;  '  ><div class='container' ><div class='template-page content  av-content-full alpha units'><div class='post-entry post-entry-type-page post-entry-5822'><div class='entry-content-wrapper clearfix'>\n<div class=\"flex_column av_one_full  flex_column_div av-zero-column-padding first  avia-builder-el-9  el_before_av_one_half  avia-builder-el-first  \" style='border-radius:0px; '><div  style='padding-bottom:10px; ' class='av-special-heading av-special-heading-h2 custom-color-heading blockquote modern-quote  avia-builder-el-10  avia-builder-el-no-sibling  '><h2 class='av-special-heading-tag '  itemprop=\"headline\"  >THE COLOURS OF TOGETHERNESS 1998 &#8211; 2025 &#8230;<\/h2><div class='special-heading-border'><div class='special-heading-inner-border' ><\/div><\/div><\/div><\/div><div class=\"flex_column av_one_half  flex_column_div av-zero-column-padding first  avia-builder-el-11  el_after_av_one_full  el_before_av_one_half  column-top-margin\" style='border-radius:0px; '><div  class='avia-image-container  av-styling-  av-has-copyright av-copyright-icon-reveal   avia-builder-el-12  avia-builder-el-no-sibling  avia-align-center '  itemprop=\"image\" itemscope=\"itemscope\" itemtype=\"https:\/\/schema.org\/ImageObject\"  ><div class='avia-image-container-inner'><div class='avia-image-overlay-wrap'><img class='avia_image' src='https:\/\/art4-info.com\/wp-content\/uploads\/2026\/03\/Webseite-SQUARES-ART-140-x-140-cm-.jpg' alt='' title='' height=\"1385\" width=\"1500\"  itemprop=\"thumbnailUrl\"  \/><\/div><small class='avia-copyright'>SQUARES ART Obra intitulada THE COLOURS OF TOGETHERNESS 1998 - 2025 - \u00a9 Bruno Wilbert<\/small><\/div><\/div><\/div><div class=\"flex_column av_one_half  flex_column_div av-zero-column-padding   avia-builder-el-13  el_after_av_one_half  avia-builder-el-last  column-top-margin\" style='border-radius:0px; '><section class=\"av_textblock_section \"  itemscope=\"itemscope\" itemtype=\"https:\/\/schema.org\/CreativeWork\" ><div class='avia_textblock  '   itemprop=\"text\" ><p>\u2026 uma homenagem a um projeto comunit\u00e1rio exemplar de <strong>L\u00e9lia Wanick Salgado e Sebasti\u00e3o Salgado<\/strong>. O projeto come\u00e7ou com a funda\u00e7\u00e3o da organiza\u00e7\u00e3o ambiental <strong>INSTITUTO TERRA<\/strong> em 1998, que se tornou uma organiza\u00e7\u00e3o sem fins lucrativos l\u00edder mundial em recupera\u00e7\u00e3o ambiental e reflorestamento da Mata Atl\u00e2ntica. O instituto j\u00e1 plantou mais de 3 milh\u00f5es de \u00e1rvores, restaurou cerca de 2.500 nascentes e est\u00e1 ativamente envolvido na educa\u00e7\u00e3o ambiental e no desenvolvimento rural sustent\u00e1vel.<\/p>\n<p>L\u00e9lia Wanick Salgado e o seu marido Sebasti\u00e3o Salgado, falecido em 2025, conseguiram fazer coisas incr\u00edveis durante o tempo que passaram juntos e, juntamente com os in\u00fameros outros apoiantes do projeto, s\u00e3o um exemplo encorajador e maravilhoso do impressionante poder da uni\u00e3o.<\/p>\n<p>Os objetos da s\u00e9rie intitulada <strong>THE COLOURS OF TOGETHERNESS<\/strong> n\u00e3o s\u00f3 t\u00eam um efeito especial, como tamb\u00e9m transmitem uma mensagem muito bonita, que est\u00e1 a ganhar cada vez mais import\u00e2ncia: <strong>Juntos em vez de uns contra os outros<\/strong> \u2013 a f\u00f3rmula mais simples para a cria\u00e7\u00e3o de algo positivo, come\u00e7ando nas rela\u00e7\u00f5es, fam\u00edlias e empresas, passando pela coexist\u00eancia dos povos, at\u00e9 \u00e0 forma como lidamos com a natureza e o ambiente.<\/p>\n<p>No que diz respeito \u00e0s obras <strong>THE COLOURS OF TOGETHERNESS 1998 \u2013 2025<\/strong>, renuncio a qualquer remunera\u00e7\u00e3o e as obras est\u00e3o dispon\u00edveis em 7 formatos no \u00e2mbito do <strong>projeto SQUARES ART<\/strong>.<\/p>\n<p>Terei todo o prazer em enviar-lhe por e-mail mais informa\u00e7\u00f5es sobre o projeto, os objetos e as condi\u00e7\u00f5es excecionais.<\/p>\n<p>Envie a sua solicita\u00e7\u00e3o para: info(at)bruno-wilbert.com<\/p>\n<\/div><\/section><\/div><\/div><\/div><\/div><!-- close content main div --><\/div><\/div><div id='av_section_3'  class='avia-section main_color avia-section-large avia-no-border-styling  avia-bg-style-scroll  avia-builder-el-15  el_after_av_section  el_before_av_section   container_wrap fullsize' style=' '  ><div class='container' ><div class='template-page content  av-content-full alpha units'><div class='post-entry post-entry-type-page post-entry-5822'><div class='entry-content-wrapper clearfix'>\n<div class=\"flex_column av_one_full  flex_column_div av-zero-column-padding first  avia-builder-el-16  el_before_av_one_half  avia-builder-el-first  \" style='border-radius:0px; '><\/div><div class=\"flex_column av_one_half  flex_column_div av-zero-column-padding first  avia-builder-el-18  el_after_av_one_full  el_before_av_one_half  column-top-margin\" style='border-radius:0px; '><section class=\"av_textblock_section \"  itemscope=\"itemscope\" itemtype=\"https:\/\/schema.org\/CreativeWork\" ><div class='avia_textblock  '   itemprop=\"text\" ><\/div><\/section><\/div><div class=\"flex_column av_one_half  flex_column_div av-zero-column-padding   avia-builder-el-20  el_after_av_one_half  avia-builder-el-last  column-top-margin\" style='border-radius:0px; '><\/div>\n<\/p>\n<\/div><\/div><\/div><!-- close content main div --><\/div><\/div><div id='footerbox'  class='avia-section main_color avia-section-default avia-no-border-styling  avia-full-stretch avia-bg-style-scroll  avia-builder-el-22  el_after_av_section  avia-builder-el-last   av-minimum-height av-minimum-height-40  container_wrap fullsize' style='background-repeat: no-repeat; background-image: url(https:\/\/art4-info.com\/wp-content\/uploads\/2021\/12\/ART4.jpg);background-attachment: scroll; background-position: center center;  '  data-section-bg-repeat='stretch' data-av_minimum_height_pc='40'><div class='container' ><div class='template-page content  av-content-full alpha units'><div class='post-entry post-entry-type-page post-entry-5822'><div class='entry-content-wrapper clearfix'>\n<div  style='padding-bottom:10px; color:#ffffff;' class='av-special-heading av-special-heading-h2 custom-color-heading blockquote modern-quote modern-centered  avia-builder-el-23  el_before_av_hr  avia-builder-el-first  '><h2 class='av-special-heading-tag '  itemprop=\"headline\"  >&#8230; together we are stronger<\/h2><div class='special-heading-border'><div class='special-heading-inner-border' style='border-color:#ffffff'><\/div><\/div><\/div>\n<div  style='height:50px' class='hr hr-invisible   avia-builder-el-24  el_after_av_heading  avia-builder-el-last '><span class='hr-inner ' ><span class='hr-inner-style'><\/span><\/span><\/div>\n\n","protected":false},"excerpt":{"rendered":"","protected":false},"author":1,"featured_media":0,"parent":0,"menu_order":0,"comment_status":"closed","ping_status":"closed","template":"","meta":{"footnotes":""},"class_list":["post-5822","page","type-page","status-publish","hentry"],"yoast_head":"<!-- This site is optimized with the Yoast SEO plugin v27.0 - https:\/\/yoast.com\/product\/yoast-seo-wordpress\/ -->\n<title>SQUARES ART - ART4<\/title>\n<meta name=\"robots\" content=\"index, follow, max-snippet:-1, max-image-preview:large, max-video-preview:-1\" \/>\n<link rel=\"canonical\" href=\"https:\/\/art4-info.com\/pt-pt\/squares-art\/\" \/>\n<meta property=\"og:locale\" content=\"pt_PT\" \/>\n<meta property=\"og:type\" content=\"article\" \/>\n<meta property=\"og:title\" content=\"SQUARES ART - ART4\" \/>\n<meta property=\"og:url\" content=\"https:\/\/art4-info.com\/pt-pt\/squares-art\/\" \/>\n<meta property=\"og:site_name\" content=\"ART4\" \/>\n<meta property=\"article:modified_time\" content=\"2026-03-27T16:32:08+00:00\" \/>\n<meta name=\"twitter:card\" content=\"summary_large_image\" \/>\n<meta name=\"twitter:label1\" content=\"Tempo estimado de leitura\" \/>\n\t<meta name=\"twitter:data1\" content=\"14 minutos\" \/>\n<script type=\"application\/ld+json\" class=\"yoast-schema-graph\">{\"@context\":\"https:\/\/schema.org\",\"@graph\":[{\"@type\":\"WebPage\",\"@id\":\"https:\/\/art4-info.com\/pt-pt\/squares-art\/\",\"url\":\"https:\/\/art4-info.com\/pt-pt\/squares-art\/\",\"name\":\"SQUARES ART - ART4\",\"isPartOf\":{\"@id\":\"https:\/\/art4-info.com\/en\/#website\"},\"datePublished\":\"2026-03-03T10:19:58+00:00\",\"dateModified\":\"2026-03-27T16:32:08+00:00\",\"breadcrumb\":{\"@id\":\"https:\/\/art4-info.com\/pt-pt\/squares-art\/#breadcrumb\"},\"inLanguage\":\"pt-PT\",\"potentialAction\":[{\"@type\":\"ReadAction\",\"target\":[\"https:\/\/art4-info.com\/pt-pt\/squares-art\/\"]}]},{\"@type\":\"BreadcrumbList\",\"@id\":\"https:\/\/art4-info.com\/pt-pt\/squares-art\/#breadcrumb\",\"itemListElement\":[{\"@type\":\"ListItem\",\"position\":1,\"name\":\"Startseite\",\"item\":\"https:\/\/art4-info.com\/pt-pt\/\"},{\"@type\":\"ListItem\",\"position\":2,\"name\":\"SQUARES ART\"}]},{\"@type\":\"WebSite\",\"@id\":\"https:\/\/art4-info.com\/en\/#website\",\"url\":\"https:\/\/art4-info.com\/en\/\",\"name\":\"ART4\",\"description\":\"\u2026 together we are stronger!\",\"potentialAction\":[{\"@type\":\"SearchAction\",\"target\":{\"@type\":\"EntryPoint\",\"urlTemplate\":\"https:\/\/art4-info.com\/en\/?s={search_term_string}\"},\"query-input\":{\"@type\":\"PropertyValueSpecification\",\"valueRequired\":true,\"valueName\":\"search_term_string\"}}],\"inLanguage\":\"pt-PT\"}]}<\/script>\n<!-- \/ Yoast SEO plugin. -->","yoast_head_json":{"title":"SQUARES ART - ART4","robots":{"index":"index","follow":"follow","max-snippet":"max-snippet:-1","max-image-preview":"max-image-preview:large","max-video-preview":"max-video-preview:-1"},"canonical":"https:\/\/art4-info.com\/pt-pt\/squares-art\/","og_locale":"pt_PT","og_type":"article","og_title":"SQUARES ART - ART4","og_url":"https:\/\/art4-info.com\/pt-pt\/squares-art\/","og_site_name":"ART4","article_modified_time":"2026-03-27T16:32:08+00:00","twitter_card":"summary_large_image","twitter_misc":{"Tempo estimado de leitura":"14 minutos"},"schema":{"@context":"https:\/\/schema.org","@graph":[{"@type":"WebPage","@id":"https:\/\/art4-info.com\/pt-pt\/squares-art\/","url":"https:\/\/art4-info.com\/pt-pt\/squares-art\/","name":"SQUARES ART - ART4","isPartOf":{"@id":"https:\/\/art4-info.com\/en\/#website"},"datePublished":"2026-03-03T10:19:58+00:00","dateModified":"2026-03-27T16:32:08+00:00","breadcrumb":{"@id":"https:\/\/art4-info.com\/pt-pt\/squares-art\/#breadcrumb"},"inLanguage":"pt-PT","potentialAction":[{"@type":"ReadAction","target":["https:\/\/art4-info.com\/pt-pt\/squares-art\/"]}]},{"@type":"BreadcrumbList","@id":"https:\/\/art4-info.com\/pt-pt\/squares-art\/#breadcrumb","itemListElement":[{"@type":"ListItem","position":1,"name":"Startseite","item":"https:\/\/art4-info.com\/pt-pt\/"},{"@type":"ListItem","position":2,"name":"SQUARES ART"}]},{"@type":"WebSite","@id":"https:\/\/art4-info.com\/en\/#website","url":"https:\/\/art4-info.com\/en\/","name":"ART4","description":"\u2026 together we are stronger!","potentialAction":[{"@type":"SearchAction","target":{"@type":"EntryPoint","urlTemplate":"https:\/\/art4-info.com\/en\/?s={search_term_string}"},"query-input":{"@type":"PropertyValueSpecification","valueRequired":true,"valueName":"search_term_string"}}],"inLanguage":"pt-PT"}]}},"_links":{"self":[{"href":"https:\/\/art4-info.com\/pt-pt\/wp-json\/wp\/v2\/pages\/5822","targetHints":{"allow":["GET"]}}],"collection":[{"href":"https:\/\/art4-info.com\/pt-pt\/wp-json\/wp\/v2\/pages"}],"about":[{"href":"https:\/\/art4-info.com\/pt-pt\/wp-json\/wp\/v2\/types\/page"}],"author":[{"embeddable":true,"href":"https:\/\/art4-info.com\/pt-pt\/wp-json\/wp\/v2\/users\/1"}],"replies":[{"embeddable":true,"href":"https:\/\/art4-info.com\/pt-pt\/wp-json\/wp\/v2\/comments?post=5822"}],"version-history":[{"count":12,"href":"https:\/\/art4-info.com\/pt-pt\/wp-json\/wp\/v2\/pages\/5822\/revisions"}],"predecessor-version":[{"id":5943,"href":"https:\/\/art4-info.com\/pt-pt\/wp-json\/wp\/v2\/pages\/5822\/revisions\/5943"}],"wp:attachment":[{"href":"https:\/\/art4-info.com\/pt-pt\/wp-json\/wp\/v2\/media?parent=5822"}],"curies":[{"name":"wp","href":"https:\/\/api.w.org\/{rel}","templated":true}]}}