{"id":4562,"date":"2024-04-02T14:04:19","date_gmt":"2024-04-02T12:04:19","guid":{"rendered":"https:\/\/art4-info.com\/?page_id=4562"},"modified":"2024-04-05T16:27:54","modified_gmt":"2024-04-05T14:27:54","slug":"game-more","status":"publish","type":"page","link":"https:\/\/art4-info.com\/pt-pt\/game-more\/","title":{"rendered":"GAME &#038; MORE"},"content":{"rendered":"<div id='full_slider_1'  class='avia-fullwidth-slider main_color avia-shadow   avia-builder-el-0  el_before_av_section  avia-builder-el-first   container_wrap fullsize' style=' '  ><div   data-size='featured'  data-lightbox_size='large'  data-animation='slide'  data-conditional_play=''  data-ids='1173'  data-video_counter='0'  data-autoplay='false'  data-bg_slider='false'  data-slide_height=''  data-handle='av_slideshow_full'  data-interval='5'  data-class=' '  data-el_id=''  data-css_id=''  data-scroll_down=''  data-control_layout='av-control-default'  data-custom_markup=''  data-perma_caption=''  data-autoplay_stopper=''  data-image_attachment=''  data-min_height='0px'  data-src=''  data-position='top left'  data-repeat='no-repeat'  data-attach='scroll'  data-stretch=''  data-default-height='28.6666666667'  class='avia-slideshow avia-slideshow-1  av-control-default av-default-height-applied avia-slideshow-featured av_slideshow_full   avia-slide-slider '  itemprop=\"image\" itemscope=\"itemscope\" itemtype=\"https:\/\/schema.org\/ImageObject\" ><ul class='avia-slideshow-inner ' style='padding-bottom: 28.6666666667%;' ><li  class=' av-single-slide slide-1 ' ><div data-rel='slideshow-1' class='avia-slide-wrap '   ><img src='https:\/\/art4-info.com\/wp-content\/uploads\/2021\/12\/ART4-1500x430.jpg' width='1500' height='430' title='' alt=''  itemprop=\"thumbnailUrl\"   \/><\/div><\/li><\/ul><\/div><\/div>\n<div id='av_section_1'  class='avia-section main_color avia-section-large avia-no-border-styling  avia-bg-style-scroll  avia-builder-el-1  el_after_av_slideshow_full  el_before_av_section   container_wrap fullsize' style=' '  ><div class='container' ><div class='template-page content  av-content-full alpha units'><div class='post-entry post-entry-type-page post-entry-4562'><div class='entry-content-wrapper clearfix'>\n<div class=\"flex_column av_one_full  flex_column_div av-zero-column-padding first  avia-builder-el-2  avia-builder-el-no-sibling  \" style='border-radius:0px; '><section class=\"av_textblock_section \"  itemscope=\"itemscope\" itemtype=\"https:\/\/schema.org\/CreativeWork\" ><div class='avia_textblock  '  style='font-size:22px; '  itemprop=\"text\" ><p><strong>GAME &amp; MORE jogo de destreza &#8230;\u00a0\u00a0 <\/strong><\/p>\n<p><strong>\u00a0<\/strong><strong>O jogo de destreza em madeira de faia promove a constru\u00e7\u00e3o mundial de escolas nos <\/strong><strong>pa\u00edses em desenvolvimento e \u00e9 completado e embalado numa institui\u00e7\u00e3o social.<\/strong><\/p>\n<p><strong>\u00a0<\/strong><strong>\u2026 more help, more social, more fun<\/strong><\/p>\n<\/div><\/section><\/div>\n\n<\/div><\/div><\/div><!-- close content main div --><\/div><\/div><div id='av_section_2'  class='avia-section main_color avia-section-large avia-no-border-styling  avia-bg-style-scroll  avia-builder-el-4  el_after_av_section  el_before_av_section   container_wrap fullsize' style='background-color: #f4f4f4;  '  ><div class='container' ><div class='template-page content  av-content-full alpha units'><div class='post-entry post-entry-type-page post-entry-4562'><div class='entry-content-wrapper clearfix'>\n<div class=\"flex_column av_one_full  flex_column_div av-zero-column-padding first  avia-builder-el-5  el_before_av_one_half  avia-builder-el-first  \" style='border-radius:0px; '><div  style='padding-bottom:10px; ' class='av-special-heading av-special-heading-h2 custom-color-heading blockquote modern-quote  avia-builder-el-6  avia-builder-el-no-sibling  '><h2 class='av-special-heading-tag '  itemprop=\"headline\"  >Construir escolas nos pa\u00edses em desenvolvimento &#8230;<\/h2><div class='special-heading-border'><div class='special-heading-inner-border' ><\/div><\/div><\/div><\/div><div class=\"flex_column av_one_half  flex_column_div av-zero-column-padding first  avia-builder-el-7  el_after_av_one_full  el_before_av_one_half  column-top-margin\" style='border-radius:0px; '><div  class='avia-image-container  av-styling-  av-has-copyright av-copyright-icon-reveal   avia-builder-el-8  avia-builder-el-no-sibling  avia-align-center '  itemprop=\"image\" itemscope=\"itemscope\" itemtype=\"https:\/\/schema.org\/ImageObject\"  ><div class='avia-image-container-inner'><div class='avia-image-overlay-wrap'><img class='avia_image' src='https:\/\/art4-info.com\/wp-content\/uploads\/2024\/04\/Tchaloude-2-c-Ossara-e.V-.jpg' alt='... more help' title='... more help' height=\"675\" width=\"1000\"  itemprop=\"thumbnailUrl\"  \/><\/div><small class='avia-copyright'>Constru\u00e7\u00e3o de escolas em pa\u00edses em desenvolvimento pela Funda\u00e7\u00e3o Reiner Meutsch FLY & HELP \u00a9 Reiner Meutsch Foundation FLY & HELP<\/small><\/div><\/div><\/div><div class=\"flex_column av_one_half  flex_column_div av-zero-column-padding   avia-builder-el-9  el_after_av_one_half  avia-builder-el-last  column-top-margin\" style='border-radius:0px; '><section class=\"av_textblock_section \"  itemscope=\"itemscope\" itemtype=\"https:\/\/schema.org\/CreativeWork\" ><div class='avia_textblock  '   itemprop=\"text\" ><p>Tomei conhecimento da <strong>Funda\u00e7\u00e3o Reiner Meutsch FLY &amp; HELP<\/strong> atrav\u00e9s do s\u00edtio Web da <strong>AIDA Cruises<\/strong> e fiquei t\u00e3o impressionado com as extraordin\u00e1rias realiza\u00e7\u00f5es desta funda\u00e7\u00e3o que tive a ideia, enquanto criador e fabricante do jogo de per\u00edcia <strong>GAME &amp; MORE<\/strong>, de apoiar esta funda\u00e7\u00e3o com <strong>100% das receitas l\u00edquidas<\/strong>.<\/p>\n<p>A <strong>Funda\u00e7\u00e3o Reiner Meutsch FLY &amp; HELP<\/strong> utiliza os donativos para construir escolas em pa\u00edses em desenvolvimento em todo o mundo. Todos os donativos s\u00e3o canalizados 1:1 para os projectos educativos, uma vez que <strong>Reiner Meutsch<\/strong> suporta os custos da funda\u00e7\u00e3o a t\u00edtulo privado ou estes s\u00e3o financiados por patrocinadores. Gra\u00e7as ao trabalho exemplar desta funda\u00e7\u00e3o, j\u00e1 foram constru\u00eddas quase 800 escolas em 57 pa\u00edses de todo o mundo.<\/p>\n<div  class='avia-button-wrap avia-button-left  avia-builder-el-11  avia-builder-el-no-sibling ' ><a href='https:\/\/www.fly-and-help.de\/en\/'  class='avia-button   avia-icon_select-yes-right-icon avia-color-theme-color avia-size-large avia-position-left '   ><span class='avia_iconbox_title' > Informa\u00e7\u00f5es sobre a funda\u00e7\u00e3o<\/span><span class='avia_button_icon avia_button_icon_right' aria-hidden='true' data-av_icon='\ue87d' data-av_iconfont='entypo-fontello'><\/span><\/a><\/div>\n<\/div><\/section><\/div>\n\n<\/div><\/div><\/div><!-- close content main div --><\/div><\/div><div id='av_section_3'  class='avia-section main_color avia-section-large avia-no-border-styling  avia-bg-style-scroll  avia-builder-el-12  el_after_av_section  el_before_av_section   container_wrap fullsize' style='background-color: #f4f4f4;  '  ><div class='container' ><div class='template-page content  av-content-full alpha units'><div class='post-entry post-entry-type-page post-entry-4562'><div class='entry-content-wrapper clearfix'>\n<div class=\"flex_column av_one_full  flex_column_div av-zero-column-padding first  avia-builder-el-13  el_before_av_one_half  avia-builder-el-first  \" style='border-radius:0px; '><div  style='padding-bottom:10px; ' class='av-special-heading av-special-heading-h2 custom-color-heading blockquote modern-quote  avia-builder-el-14  avia-builder-el-no-sibling  '><h2 class='av-special-heading-tag '  itemprop=\"headline\"  >Envolvimento de uma institui\u00e7\u00e3o social &#8230;<\/h2><div class='special-heading-border'><div class='special-heading-inner-border' ><\/div><\/div><\/div><\/div><div class=\"flex_column av_one_half  flex_column_div av-zero-column-padding first  avia-builder-el-15  el_after_av_one_full  el_before_av_one_half  column-top-margin\" style='border-radius:0px; '><div  class='avia-image-container  av-styling-  av-has-copyright av-copyright-icon-reveal   avia-builder-el-16  avia-builder-el-no-sibling  avia-align-center '  itemprop=\"image\" itemscope=\"itemscope\" itemtype=\"https:\/\/schema.org\/ImageObject\"  ><div class='avia-image-container-inner'><div class='avia-image-overlay-wrap'><img class='avia_image' src='https:\/\/art4-info.com\/wp-content\/uploads\/2024\/04\/photocase_5471902-Kopie-mor-1.jpg' alt='' title='... more social' height=\"392\" width=\"588\"  itemprop=\"thumbnailUrl\"  \/><\/div><small class='avia-copyright'>Integra\u00e7\u00e3o de uma organiza\u00e7\u00e3o social <\/small><\/div><\/div><\/div><div class=\"flex_column av_one_half  flex_column_div av-zero-column-padding   avia-builder-el-17  el_after_av_one_half  avia-builder-el-last  column-top-margin\" style='border-radius:0px; '><section class=\"av_textblock_section \"  itemscope=\"itemscope\" itemtype=\"https:\/\/schema.org\/CreativeWork\" ><div class='avia_textblock  '   itemprop=\"text\" ><p>Os jogos de habilidade <strong>GAME &amp; MORE<\/strong> s\u00e3o completados e embalados na <strong>Lebenshilfe L\u00fcneburg-Harburg<\/strong>, fundada em 1974. A Lebenshilfe apoia e acompanha pessoas com defici\u00eancias mentais, psicol\u00f3gicas e f\u00edsicas, pessoas em risco de defici\u00eancia, bem como crian\u00e7as e suas fam\u00edlias. A Lebenshilfe trabalha em estreita colabora\u00e7\u00e3o com as fam\u00edlias, prestadores de cuidados e tutores legais, e os clientes empresariais e prestadores de servi\u00e7os s\u00e3o parceiros importantes no seu trabalho. A <strong>Lebenshilfe L\u00fcneburg-Harburg<\/strong> oferece aos seus parceiros contratuais uma vasta gama de produtos e servi\u00e7os com um elevado n\u00edvel de seguran\u00e7a e qualidade. Gostaria de agradecer \u00e0 <strong>Lebenshilfe L\u00fcneburg-Harburg<\/strong> pela excelente coopera\u00e7\u00e3o!Einbindung einer sozialen Einrichtung \u2026<\/p>\n<div  class='avia-button-wrap avia-button-left  avia-builder-el-19  avia-builder-el-no-sibling ' ><a href='https:\/\/www.lhlh.org\/'  class='avia-button   avia-icon_select-yes-right-icon avia-color-theme-color avia-size-large avia-position-left '   ><span class='avia_iconbox_title' > Informa\u00e7\u00f5es sobre a Lebenshilfe<\/span><span class='avia_button_icon avia_button_icon_right' aria-hidden='true' data-av_icon='\ue87d' data-av_iconfont='entypo-fontello'><\/span><\/a><\/div>\n<\/div><\/section><\/div>\n\n<\/div><\/div><\/div><!-- close content main div --><\/div><\/div><div id='av_section_4'  class='avia-section main_color avia-section-large avia-no-border-styling  avia-bg-style-scroll  avia-builder-el-20  el_after_av_section  el_before_av_section   container_wrap fullsize' style=' '  ><div class='container' ><div class='template-page content  av-content-full alpha units'><div class='post-entry post-entry-type-page post-entry-4562'><div class='entry-content-wrapper clearfix'>\n<div class=\"flex_column av_one_full  flex_column_div av-zero-column-padding first  avia-builder-el-21  el_before_av_one_half  avia-builder-el-first  \" style='border-radius:0px; '><div  style='padding-bottom:10px; ' class='av-special-heading av-special-heading-h2 custom-color-heading blockquote modern-quote  avia-builder-el-22  avia-builder-el-no-sibling  '><h2 class='av-special-heading-tag '  itemprop=\"headline\"  >Divirta-se com o GAME <span class='special_amp'>&amp;<\/span> MORE &#8230;<\/h2><div class='special-heading-border'><div class='special-heading-inner-border' ><\/div><\/div><\/div><\/div><div class=\"flex_column av_one_half  flex_column_div av-zero-column-padding first  avia-builder-el-23  el_after_av_one_full  el_before_av_one_half  column-top-margin\" style='border-radius:0px; '><section class=\"av_textblock_section \"  itemscope=\"itemscope\" itemtype=\"https:\/\/schema.org\/CreativeWork\" ><div class='avia_textblock  '   itemprop=\"text\" ><p>O jogo de destreza <strong>GAME &amp; MORE<\/strong> \u00e9 composto por 18 cubos de madeira de faia que s\u00e3o empilhados da forma indicada. Com cada novo cubo colocado, n\u00e3o s\u00f3 a torre de empilhamento fica mais alta, como tamb\u00e9m aumentam os requisitos de concentra\u00e7\u00e3o e destreza dos jogadores. Ao empilhar os cubos, os \u00e2ngulos de apoio dos cubos devem ser escolhidos com cuidado, pois contribuem significativamente para a estabilidade da torre de cubos &#8211; um desafio que desperta a ambi\u00e7\u00e3o e \u00e9 muito divertido!<\/p>\n<p>O jogo pode ser jogado em diversas varia\u00e7\u00f5es, sozinho ou num pequeno grupo &#8211; na mesa ou com as m\u00e3os livres, \u00e0 vontade ou com um limite de tempo.<\/p>\n<p><strong>GAME &amp; MORE<\/strong><\/p>\n<p><strong>\u00a0\u00a0\u00a0\u00a0\u00a0\u00a0\u00a0\u00a0\u00a0 \u2026 more help, more social, more fun<\/strong><\/p>\n<\/div><\/section><\/div><div class=\"flex_column av_one_half  flex_column_div av-zero-column-padding   avia-builder-el-25  el_after_av_one_half  avia-builder-el-last  column-top-margin\" style='border-radius:0px; '><div  class='avia-image-container  av-styling-  av-has-copyright av-copyright-icon-reveal   avia-builder-el-26  avia-builder-el-no-sibling  avia-align-center '  itemprop=\"image\" itemscope=\"itemscope\" itemtype=\"https:\/\/schema.org\/ImageObject\"  ><div class='avia-image-container-inner'><div class='avia-image-overlay-wrap'><img class='avia_image' src='https:\/\/art4-info.com\/wp-content\/uploads\/2024\/04\/Verpackungsentwurf-Kopie.jpg' alt='' title='... more fun' height=\"789\" width=\"1000\"  itemprop=\"thumbnailUrl\"  \/><\/div><small class='avia-copyright'>GAME & MORE jogo de habilidade \u00a9 Bruno Wilbert<\/small><\/div><\/div><\/div><\/div><\/div><\/div><!-- close content main div --><\/div><\/div><div id='footerbox'  class='avia-section main_color avia-section-default avia-no-border-styling  avia-full-stretch avia-bg-style-scroll  avia-builder-el-27  el_after_av_section  avia-builder-el-last   av-minimum-height av-minimum-height-40  container_wrap fullsize' style='background-repeat: no-repeat; background-image: url(https:\/\/art4-info.com\/wp-content\/uploads\/2021\/12\/ART4.jpg);background-attachment: scroll; background-position: center center;  '  data-section-bg-repeat='stretch' data-av_minimum_height_pc='40'><div class='container' ><div class='template-page content  av-content-full alpha units'><div class='post-entry post-entry-type-page post-entry-4562'><div class='entry-content-wrapper clearfix'>\n<div  style='padding-bottom:10px; color:#ffffff;' class='av-special-heading av-special-heading-h2 custom-color-heading blockquote modern-quote modern-centered  avia-builder-el-28  el_before_av_hr  avia-builder-el-first  '><h2 class='av-special-heading-tag '  itemprop=\"headline\"  >&#8230; together we are stronger<\/h2><div class='special-heading-border'><div class='special-heading-inner-border' style='border-color:#ffffff'><\/div><\/div><\/div>\n<div  style='height:50px' class='hr hr-invisible   avia-builder-el-29  el_after_av_heading  avia-builder-el-last '><span class='hr-inner ' ><span class='hr-inner-style'><\/span><\/span><\/div>\n<\/p>\n","protected":false},"excerpt":{"rendered":"","protected":false},"author":3,"featured_media":0,"parent":0,"menu_order":0,"comment_status":"closed","ping_status":"closed","template":"","meta":{"footnotes":""},"class_list":["post-4562","page","type-page","status-publish","hentry"],"yoast_head":"<!-- This site is optimized with the Yoast SEO plugin v27.0 - https:\/\/yoast.com\/product\/yoast-seo-wordpress\/ -->\n<title>GAME &amp; MORE - ART4<\/title>\n<meta name=\"robots\" content=\"index, follow, max-snippet:-1, max-image-preview:large, max-video-preview:-1\" \/>\n<link rel=\"canonical\" href=\"https:\/\/art4-info.com\/pt-pt\/game-more\/\" \/>\n<meta property=\"og:locale\" content=\"pt_PT\" \/>\n<meta property=\"og:type\" content=\"article\" \/>\n<meta property=\"og:title\" content=\"GAME &amp; MORE - ART4\" \/>\n<meta property=\"og:url\" content=\"https:\/\/art4-info.com\/pt-pt\/game-more\/\" \/>\n<meta property=\"og:site_name\" content=\"ART4\" \/>\n<meta property=\"article:modified_time\" content=\"2024-04-05T14:27:54+00:00\" \/>\n<meta name=\"twitter:card\" content=\"summary_large_image\" \/>\n<meta name=\"twitter:label1\" content=\"Tempo estimado de leitura\" \/>\n\t<meta name=\"twitter:data1\" content=\"10 minutos\" \/>\n<script type=\"application\/ld+json\" class=\"yoast-schema-graph\">{\"@context\":\"https:\/\/schema.org\",\"@graph\":[{\"@type\":\"WebPage\",\"@id\":\"https:\/\/art4-info.com\/pt-pt\/game-more\/\",\"url\":\"https:\/\/art4-info.com\/pt-pt\/game-more\/\",\"name\":\"GAME & MORE - ART4\",\"isPartOf\":{\"@id\":\"https:\/\/art4-info.com\/en\/#website\"},\"datePublished\":\"2024-04-02T12:04:19+00:00\",\"dateModified\":\"2024-04-05T14:27:54+00:00\",\"breadcrumb\":{\"@id\":\"https:\/\/art4-info.com\/pt-pt\/game-more\/#breadcrumb\"},\"inLanguage\":\"pt-PT\",\"potentialAction\":[{\"@type\":\"ReadAction\",\"target\":[\"https:\/\/art4-info.com\/pt-pt\/game-more\/\"]}]},{\"@type\":\"BreadcrumbList\",\"@id\":\"https:\/\/art4-info.com\/pt-pt\/game-more\/#breadcrumb\",\"itemListElement\":[{\"@type\":\"ListItem\",\"position\":1,\"name\":\"Startseite\",\"item\":\"https:\/\/art4-info.com\/pt-pt\/\"},{\"@type\":\"ListItem\",\"position\":2,\"name\":\"GAME &#038; MORE\"}]},{\"@type\":\"WebSite\",\"@id\":\"https:\/\/art4-info.com\/en\/#website\",\"url\":\"https:\/\/art4-info.com\/en\/\",\"name\":\"ART4\",\"description\":\"\u2026 together we are stronger!\",\"potentialAction\":[{\"@type\":\"SearchAction\",\"target\":{\"@type\":\"EntryPoint\",\"urlTemplate\":\"https:\/\/art4-info.com\/en\/?s={search_term_string}\"},\"query-input\":{\"@type\":\"PropertyValueSpecification\",\"valueRequired\":true,\"valueName\":\"search_term_string\"}}],\"inLanguage\":\"pt-PT\"}]}<\/script>\n<!-- \/ Yoast SEO plugin. -->","yoast_head_json":{"title":"GAME & MORE - ART4","robots":{"index":"index","follow":"follow","max-snippet":"max-snippet:-1","max-image-preview":"max-image-preview:large","max-video-preview":"max-video-preview:-1"},"canonical":"https:\/\/art4-info.com\/pt-pt\/game-more\/","og_locale":"pt_PT","og_type":"article","og_title":"GAME & MORE - ART4","og_url":"https:\/\/art4-info.com\/pt-pt\/game-more\/","og_site_name":"ART4","article_modified_time":"2024-04-05T14:27:54+00:00","twitter_card":"summary_large_image","twitter_misc":{"Tempo estimado de leitura":"10 minutos"},"schema":{"@context":"https:\/\/schema.org","@graph":[{"@type":"WebPage","@id":"https:\/\/art4-info.com\/pt-pt\/game-more\/","url":"https:\/\/art4-info.com\/pt-pt\/game-more\/","name":"GAME & MORE - ART4","isPartOf":{"@id":"https:\/\/art4-info.com\/en\/#website"},"datePublished":"2024-04-02T12:04:19+00:00","dateModified":"2024-04-05T14:27:54+00:00","breadcrumb":{"@id":"https:\/\/art4-info.com\/pt-pt\/game-more\/#breadcrumb"},"inLanguage":"pt-PT","potentialAction":[{"@type":"ReadAction","target":["https:\/\/art4-info.com\/pt-pt\/game-more\/"]}]},{"@type":"BreadcrumbList","@id":"https:\/\/art4-info.com\/pt-pt\/game-more\/#breadcrumb","itemListElement":[{"@type":"ListItem","position":1,"name":"Startseite","item":"https:\/\/art4-info.com\/pt-pt\/"},{"@type":"ListItem","position":2,"name":"GAME &#038; MORE"}]},{"@type":"WebSite","@id":"https:\/\/art4-info.com\/en\/#website","url":"https:\/\/art4-info.com\/en\/","name":"ART4","description":"\u2026 together we are stronger!","potentialAction":[{"@type":"SearchAction","target":{"@type":"EntryPoint","urlTemplate":"https:\/\/art4-info.com\/en\/?s={search_term_string}"},"query-input":{"@type":"PropertyValueSpecification","valueRequired":true,"valueName":"search_term_string"}}],"inLanguage":"pt-PT"}]}},"_links":{"self":[{"href":"https:\/\/art4-info.com\/pt-pt\/wp-json\/wp\/v2\/pages\/4562","targetHints":{"allow":["GET"]}}],"collection":[{"href":"https:\/\/art4-info.com\/pt-pt\/wp-json\/wp\/v2\/pages"}],"about":[{"href":"https:\/\/art4-info.com\/pt-pt\/wp-json\/wp\/v2\/types\/page"}],"author":[{"embeddable":true,"href":"https:\/\/art4-info.com\/pt-pt\/wp-json\/wp\/v2\/users\/3"}],"replies":[{"embeddable":true,"href":"https:\/\/art4-info.com\/pt-pt\/wp-json\/wp\/v2\/comments?post=4562"}],"version-history":[{"count":18,"href":"https:\/\/art4-info.com\/pt-pt\/wp-json\/wp\/v2\/pages\/4562\/revisions"}],"predecessor-version":[{"id":4602,"href":"https:\/\/art4-info.com\/pt-pt\/wp-json\/wp\/v2\/pages\/4562\/revisions\/4602"}],"wp:attachment":[{"href":"https:\/\/art4-info.com\/pt-pt\/wp-json\/wp\/v2\/media?parent=4562"}],"curies":[{"name":"wp","href":"https:\/\/api.w.org\/{rel}","templated":true}]}}