{"id":5821,"date":"2026-03-03T11:25:11","date_gmt":"2026-03-03T10:25:11","guid":{"rendered":"https:\/\/art4-info.com\/?page_id=5821"},"modified":"2026-03-27T17:33:15","modified_gmt":"2026-03-27T16:33:15","slug":"squares-art","status":"publish","type":"page","link":"https:\/\/art4-info.com\/fr\/squares-art\/","title":{"rendered":"SQUARES ART"},"content":{"rendered":"<div id='full_slider_1'  class='avia-fullwidth-slider main_color avia-shadow   avia-builder-el-0  el_before_av_section  avia-builder-el-first   container_wrap fullsize' style=' '  ><div   data-size='featured'  data-lightbox_size='large'  data-animation='slide'  data-conditional_play=''  data-ids='1173'  data-video_counter='0'  data-autoplay='false'  data-bg_slider='false'  data-slide_height=''  data-handle='av_slideshow_full'  data-interval='5'  data-class=' '  data-el_id=''  data-css_id=''  data-scroll_down=''  data-control_layout='av-control-default'  data-custom_markup=''  data-perma_caption=''  data-autoplay_stopper=''  data-image_attachment=''  data-min_height='0px'  data-src=''  data-position='top left'  data-repeat='no-repeat'  data-attach='scroll'  data-stretch=''  data-default-height='28.6666666667'  class='avia-slideshow avia-slideshow-1  av-control-default av-default-height-applied avia-slideshow-featured av_slideshow_full   avia-slide-slider '  itemprop=\"image\" itemscope=\"itemscope\" itemtype=\"https:\/\/schema.org\/ImageObject\" ><ul class='avia-slideshow-inner ' style='padding-bottom: 28.6666666667%;' ><li  class=' av-single-slide slide-1 ' ><div data-rel='slideshow-1' class='avia-slide-wrap '   ><img src='https:\/\/art4-info.com\/wp-content\/uploads\/2021\/12\/ART4-1500x430.jpg' width='1500' height='430' title='' alt=''  itemprop=\"thumbnailUrl\"   \/><\/div><\/li><\/ul><\/div><\/div>\n<div id='av_section_1'  class='avia-section main_color avia-section-large avia-no-border-styling  avia-bg-style-scroll  avia-builder-el-1  el_after_av_slideshow_full  el_before_av_section   container_wrap fullsize' style='background-color: #f4f4f4;  '  ><div class='container' ><div class='template-page content  av-content-full alpha units'><div class='post-entry post-entry-type-page post-entry-5821'><div class='entry-content-wrapper clearfix'>\n<div class=\"flex_column av_one_full  flex_column_div av-zero-column-padding first  avia-builder-el-2  el_before_av_one_half  avia-builder-el-first  \" style='border-radius:0px; '><div  style='padding-bottom:10px; ' class='av-special-heading av-special-heading-h2 custom-color-heading blockquote modern-quote  avia-builder-el-3  avia-builder-el-no-sibling  '><h2 class='av-special-heading-tag '  itemprop=\"headline\"  >Objets SQUARES ART &#8211; Les donn\u00e9es et l\u2019art forment une symbiose fascinante&#8230;<\/h2><div class='special-heading-border'><div class='special-heading-inner-border' ><\/div><\/div><\/div><\/div><div class=\"flex_column av_one_half  flex_column_div av-zero-column-padding first  avia-builder-el-4  el_after_av_one_full  el_before_av_one_half  column-top-margin\" style='border-radius:0px; '><div  class='avia-image-container  av-styling-  av-has-copyright av-copyright-icon-reveal   avia-builder-el-5  avia-builder-el-no-sibling  avia-align-center '  itemprop=\"image\" itemscope=\"itemscope\" itemtype=\"https:\/\/schema.org\/ImageObject\"  ><div class='avia-image-container-inner'><div class='avia-image-overlay-wrap'><img class='avia_image' src='https:\/\/art4-info.com\/wp-content\/uploads\/2026\/02\/THE-COLOURS-OF-TOGETHERNESS.jpg' alt='' title='' height=\"1389\" width=\"1500\"  itemprop=\"thumbnailUrl\"  \/><\/div><small class='avia-copyright'>Objet SQUARES ART issu de la s\u00e9rie THE COLOURS OF TOGETHERNESS au format 160 x 160 cm - \u00a9 Bruno Wilbert<\/small><\/div><\/div><\/div><div class=\"flex_column av_one_half  flex_column_div av-zero-column-padding   avia-builder-el-6  el_after_av_one_half  avia-builder-el-last  column-top-margin\" style='border-radius:0px; '><section class=\"av_textblock_section \"  itemscope=\"itemscope\" itemtype=\"https:\/\/schema.org\/CreativeWork\" ><div class='avia_textblock  '   itemprop=\"text\" ><p>Les\u00a0<strong style=\"font-style: inherit;\">objets SQUARES ART<\/strong>\u00a0sont compos\u00e9s de carr\u00e9s aux couleurs vives et dispos\u00e9s de mani\u00e8re syst\u00e9matique, qui illuminent efficacement les pi\u00e8ces.<\/p>\n<p>Les objets, avec leurs \u00e9l\u00e9ments\u00a0<strong style=\"font-style: inherit;\">maxi<\/strong>minimalistes, capturent de mani\u00e8re unique des moments significatifs. N\u2019importe quelle date, mais aussi n\u2019importe quelle combinaison d\u2019ann\u00e9es et de dates, se fondent artistiquement dans ces objets pour former un tout harmonieux. Ainsi, chaque \u0153uvre devient une nouvelle composition et raconte sa propre histoire.<\/p>\n<p>Les donn\u00e9es respectives sont visualis\u00e9es par un positionnement correspondant des carr\u00e9s les uns par rapport aux autres, selon le principe d\u2019une horloge analogique. Ce concept de visualisation est unique au monde et fait de ces objets des cadeaux sp\u00e9ciaux pour les anniversaires, mariages, jubil\u00e9s et nombreuses autres occasions. Les variations sont presque illimit\u00e9es, car m\u00eame les petits\u00a0<strong style=\"font-style: inherit;\">objets SQUARES ART<\/strong>\u00a0permettent de visualiser des chiffres compris entre 0 et un\u00a0<strong style=\"font-style: inherit;\">trillion<\/strong>.<\/p>\n<\/div><\/section><\/div>\n\n<\/div><\/div><\/div><!-- close content main div --><\/div><\/div><div id='av_section_2'  class='avia-section main_color avia-section-large avia-no-border-styling  avia-bg-style-scroll  avia-builder-el-8  el_after_av_section  el_before_av_section   container_wrap fullsize' style='background-color: #f4f4f4;  '  ><div class='container' ><div class='template-page content  av-content-full alpha units'><div class='post-entry post-entry-type-page post-entry-5821'><div class='entry-content-wrapper clearfix'>\n<div class=\"flex_column av_one_full  flex_column_div av-zero-column-padding first  avia-builder-el-9  el_before_av_one_half  avia-builder-el-first  \" style='border-radius:0px; '><div  style='padding-bottom:10px; ' class='av-special-heading av-special-heading-h2 custom-color-heading blockquote modern-quote  avia-builder-el-10  avia-builder-el-no-sibling  '><h2 class='av-special-heading-tag '  itemprop=\"headline\"  >THE COLOURS OF TOGETHERNESS 1998 &#8211; 2025 &#8230;<\/h2><div class='special-heading-border'><div class='special-heading-inner-border' ><\/div><\/div><\/div><\/div><div class=\"flex_column av_one_half  flex_column_div av-zero-column-padding first  avia-builder-el-11  el_after_av_one_full  el_before_av_one_half  column-top-margin\" style='border-radius:0px; '><div  class='avia-image-container  av-styling-  av-has-copyright av-copyright-icon-reveal   avia-builder-el-12  avia-builder-el-no-sibling  avia-align-center '  itemprop=\"image\" itemscope=\"itemscope\" itemtype=\"https:\/\/schema.org\/ImageObject\"  ><div class='avia-image-container-inner'><div class='avia-image-overlay-wrap'><img class='avia_image' src='https:\/\/art4-info.com\/wp-content\/uploads\/2026\/03\/Webseite-SQUARES-ART-140-x-140-cm-.jpg' alt='' title='' height=\"1385\" width=\"1500\"  itemprop=\"thumbnailUrl\"  \/><\/div><small class='avia-copyright'>SQUARES ART Objet intitul\u00e9 THE COLOURS OF TOGETHERNESS 1998 - 2025 - \u00a9 Bruno Wilbert<\/small><\/div><\/div><\/div><div class=\"flex_column av_one_half  flex_column_div av-zero-column-padding   avia-builder-el-13  el_after_av_one_half  avia-builder-el-last  column-top-margin\" style='border-radius:0px; '><section class=\"av_textblock_section \"  itemscope=\"itemscope\" itemtype=\"https:\/\/schema.org\/CreativeWork\" ><div class='avia_textblock  '   itemprop=\"text\" ><p>\u2026 un hommage \u00e0 un projet communautaire exemplaire men\u00e9 par <strong>L\u00e9lia Wanick Salgado et Sebasti\u00e3o Salgado<\/strong>. Le projet a d\u00e9but\u00e9 avec la cr\u00e9ation de l&rsquo;organisation environnementale <strong>INSTITUTO TERRA<\/strong> en 1998, qui est devenue l&rsquo;une des principales organisations \u00e0 but non lucratif au monde pour la restauration environnementale et le reboisement de la for\u00eat tropicale atlantique. L&rsquo;institut a d\u00e9j\u00e0 plant\u00e9 plus de 3 millions d&rsquo;arbres, restaur\u00e9 environ 2 500 sources et s&rsquo;engage activement dans l&rsquo;\u00e9ducation \u00e0 l&rsquo;environnement et le d\u00e9veloppement rural durable.<\/p>\n<p>L\u00e9lia Wanick Salgado et son mari Sebasti\u00e3o Salgado, d\u00e9c\u00e9d\u00e9 en 2025, ont accompli de grandes choses ensemble et, avec les nombreux autres soutiens du projet, ils sont un exemple encourageant et merveilleux de l&rsquo;impressionnante force de la solidarit\u00e9.<\/p>\n<p>Les objets de la s\u00e9rie intitul\u00e9e <strong>THE COLOURS OF TOGETHERNESS<\/strong> ont non seulement un effet particulier, mais ils v\u00e9hiculent \u00e9galement un tr\u00e8s beau message qui prend de plus en plus d&rsquo;importance : <strong>ensemble plut\u00f4t que les uns contre les autres<\/strong> &#8211; la formule la plus simple pour cr\u00e9er quelque chose de positif, \u00e0 commencer par les relations, les familles et les entreprises, en passant par la coexistence des peuples, jusqu&rsquo;\u00e0 la mani\u00e8re dont nous traitons notre nature et notre environnement.<\/p>\n<p>Pour les \u0153uvres de la s\u00e9rie <strong>THE COLOURS OF TOGETHERNESS 1998 \u2013 2025<\/strong>, je renonce \u00e0 toute r\u00e9mun\u00e9ration et ces \u0153uvres sont disponibles en 7 formats dans le cadre du <strong>projet SQUARES ART<\/strong>.<\/p>\n<p>Je me ferai un plaisir de vous envoyer par e-mail de plus amples informations sur le projet, les objets et les conditions exceptionnelles.<\/p>\n<p>Veuillez envoyer votre demande \u00e0 : info(at)bruno-wilbert.com<\/p>\n<\/div><\/section><\/div><\/div><\/div><\/div><!-- close content main div --><\/div><\/div><div id='av_section_3'  class='avia-section main_color avia-section-large avia-no-border-styling  avia-bg-style-scroll  avia-builder-el-15  el_after_av_section  el_before_av_section   container_wrap fullsize' style=' '  ><div class='container' ><div class='template-page content  av-content-full alpha units'><div class='post-entry post-entry-type-page post-entry-5821'><div class='entry-content-wrapper clearfix'>\n<div class=\"flex_column av_one_full  flex_column_div av-zero-column-padding first  avia-builder-el-16  el_before_av_one_half  avia-builder-el-first  \" style='border-radius:0px; '><\/div><div class=\"flex_column av_one_half  flex_column_div av-zero-column-padding first  avia-builder-el-18  el_after_av_one_full  el_before_av_one_half  column-top-margin\" style='border-radius:0px; '><section class=\"av_textblock_section \"  itemscope=\"itemscope\" itemtype=\"https:\/\/schema.org\/CreativeWork\" ><div class='avia_textblock  '   itemprop=\"text\" ><\/div><\/section><\/div><div class=\"flex_column av_one_half  flex_column_div av-zero-column-padding   avia-builder-el-20  el_after_av_one_half  avia-builder-el-last  column-top-margin\" style='border-radius:0px; '><\/div>\n<\/p>\n<\/div><\/div><\/div><!-- close content main div --><\/div><\/div><div id='footerbox'  class='avia-section main_color avia-section-default avia-no-border-styling  avia-full-stretch avia-bg-style-scroll  avia-builder-el-22  el_after_av_section  avia-builder-el-last   av-minimum-height av-minimum-height-40  container_wrap fullsize' style='background-repeat: no-repeat; background-image: url(https:\/\/art4-info.com\/wp-content\/uploads\/2021\/12\/ART4.jpg);background-attachment: scroll; background-position: center center;  '  data-section-bg-repeat='stretch' data-av_minimum_height_pc='40'><div class='container' ><div class='template-page content  av-content-full alpha units'><div class='post-entry post-entry-type-page post-entry-5821'><div class='entry-content-wrapper clearfix'>\n<div  style='padding-bottom:10px; color:#ffffff;' class='av-special-heading av-special-heading-h2 custom-color-heading blockquote modern-quote modern-centered  avia-builder-el-23  el_before_av_hr  avia-builder-el-first  '><h2 class='av-special-heading-tag '  itemprop=\"headline\"  >&#8230; together we are stronger<\/h2><div class='special-heading-border'><div class='special-heading-inner-border' style='border-color:#ffffff'><\/div><\/div><\/div>\n<div  style='height:50px' class='hr hr-invisible   avia-builder-el-24  el_after_av_heading  avia-builder-el-last '><span class='hr-inner ' ><span class='hr-inner-style'><\/span><\/span><\/div>\n\n","protected":false},"excerpt":{"rendered":"","protected":false},"author":1,"featured_media":0,"parent":0,"menu_order":0,"comment_status":"closed","ping_status":"closed","template":"","meta":{"footnotes":""},"class_list":["post-5821","page","type-page","status-publish","hentry"],"yoast_head":"<!-- This site is optimized with the Yoast SEO plugin v27.0 - https:\/\/yoast.com\/product\/yoast-seo-wordpress\/ -->\n<title>SQUARES ART - ART4<\/title>\n<meta name=\"robots\" content=\"index, follow, max-snippet:-1, max-image-preview:large, max-video-preview:-1\" \/>\n<link rel=\"canonical\" href=\"https:\/\/art4-info.com\/fr\/squares-art\/\" \/>\n<meta property=\"og:locale\" content=\"fr_FR\" \/>\n<meta property=\"og:type\" content=\"article\" \/>\n<meta property=\"og:title\" content=\"SQUARES ART - ART4\" \/>\n<meta property=\"og:url\" content=\"https:\/\/art4-info.com\/fr\/squares-art\/\" \/>\n<meta property=\"og:site_name\" content=\"ART4\" \/>\n<meta property=\"article:modified_time\" content=\"2026-03-27T16:33:15+00:00\" \/>\n<meta name=\"twitter:card\" content=\"summary_large_image\" \/>\n<meta name=\"twitter:label1\" content=\"Dur\u00e9e de lecture estim\u00e9e\" \/>\n\t<meta name=\"twitter:data1\" content=\"14 minutes\" \/>\n<script type=\"application\/ld+json\" class=\"yoast-schema-graph\">{\"@context\":\"https:\/\/schema.org\",\"@graph\":[{\"@type\":\"WebPage\",\"@id\":\"https:\/\/art4-info.com\/fr\/squares-art\/\",\"url\":\"https:\/\/art4-info.com\/fr\/squares-art\/\",\"name\":\"SQUARES ART - ART4\",\"isPartOf\":{\"@id\":\"https:\/\/art4-info.com\/en\/#website\"},\"datePublished\":\"2026-03-03T10:25:11+00:00\",\"dateModified\":\"2026-03-27T16:33:15+00:00\",\"breadcrumb\":{\"@id\":\"https:\/\/art4-info.com\/fr\/squares-art\/#breadcrumb\"},\"inLanguage\":\"fr-FR\",\"potentialAction\":[{\"@type\":\"ReadAction\",\"target\":[\"https:\/\/art4-info.com\/fr\/squares-art\/\"]}]},{\"@type\":\"BreadcrumbList\",\"@id\":\"https:\/\/art4-info.com\/fr\/squares-art\/#breadcrumb\",\"itemListElement\":[{\"@type\":\"ListItem\",\"position\":1,\"name\":\"Startseite\",\"item\":\"https:\/\/art4-info.com\/fr\/\"},{\"@type\":\"ListItem\",\"position\":2,\"name\":\"SQUARES ART\"}]},{\"@type\":\"WebSite\",\"@id\":\"https:\/\/art4-info.com\/en\/#website\",\"url\":\"https:\/\/art4-info.com\/en\/\",\"name\":\"ART4\",\"description\":\"\u2026 together we are stronger!\",\"potentialAction\":[{\"@type\":\"SearchAction\",\"target\":{\"@type\":\"EntryPoint\",\"urlTemplate\":\"https:\/\/art4-info.com\/en\/?s={search_term_string}\"},\"query-input\":{\"@type\":\"PropertyValueSpecification\",\"valueRequired\":true,\"valueName\":\"search_term_string\"}}],\"inLanguage\":\"fr-FR\"}]}<\/script>\n<!-- \/ Yoast SEO plugin. -->","yoast_head_json":{"title":"SQUARES ART - ART4","robots":{"index":"index","follow":"follow","max-snippet":"max-snippet:-1","max-image-preview":"max-image-preview:large","max-video-preview":"max-video-preview:-1"},"canonical":"https:\/\/art4-info.com\/fr\/squares-art\/","og_locale":"fr_FR","og_type":"article","og_title":"SQUARES ART - ART4","og_url":"https:\/\/art4-info.com\/fr\/squares-art\/","og_site_name":"ART4","article_modified_time":"2026-03-27T16:33:15+00:00","twitter_card":"summary_large_image","twitter_misc":{"Dur\u00e9e de lecture estim\u00e9e":"14 minutes"},"schema":{"@context":"https:\/\/schema.org","@graph":[{"@type":"WebPage","@id":"https:\/\/art4-info.com\/fr\/squares-art\/","url":"https:\/\/art4-info.com\/fr\/squares-art\/","name":"SQUARES ART - ART4","isPartOf":{"@id":"https:\/\/art4-info.com\/en\/#website"},"datePublished":"2026-03-03T10:25:11+00:00","dateModified":"2026-03-27T16:33:15+00:00","breadcrumb":{"@id":"https:\/\/art4-info.com\/fr\/squares-art\/#breadcrumb"},"inLanguage":"fr-FR","potentialAction":[{"@type":"ReadAction","target":["https:\/\/art4-info.com\/fr\/squares-art\/"]}]},{"@type":"BreadcrumbList","@id":"https:\/\/art4-info.com\/fr\/squares-art\/#breadcrumb","itemListElement":[{"@type":"ListItem","position":1,"name":"Startseite","item":"https:\/\/art4-info.com\/fr\/"},{"@type":"ListItem","position":2,"name":"SQUARES ART"}]},{"@type":"WebSite","@id":"https:\/\/art4-info.com\/en\/#website","url":"https:\/\/art4-info.com\/en\/","name":"ART4","description":"\u2026 together we are stronger!","potentialAction":[{"@type":"SearchAction","target":{"@type":"EntryPoint","urlTemplate":"https:\/\/art4-info.com\/en\/?s={search_term_string}"},"query-input":{"@type":"PropertyValueSpecification","valueRequired":true,"valueName":"search_term_string"}}],"inLanguage":"fr-FR"}]}},"_links":{"self":[{"href":"https:\/\/art4-info.com\/fr\/wp-json\/wp\/v2\/pages\/5821","targetHints":{"allow":["GET"]}}],"collection":[{"href":"https:\/\/art4-info.com\/fr\/wp-json\/wp\/v2\/pages"}],"about":[{"href":"https:\/\/art4-info.com\/fr\/wp-json\/wp\/v2\/types\/page"}],"author":[{"embeddable":true,"href":"https:\/\/art4-info.com\/fr\/wp-json\/wp\/v2\/users\/1"}],"replies":[{"embeddable":true,"href":"https:\/\/art4-info.com\/fr\/wp-json\/wp\/v2\/comments?post=5821"}],"version-history":[{"count":13,"href":"https:\/\/art4-info.com\/fr\/wp-json\/wp\/v2\/pages\/5821\/revisions"}],"predecessor-version":[{"id":5945,"href":"https:\/\/art4-info.com\/fr\/wp-json\/wp\/v2\/pages\/5821\/revisions\/5945"}],"wp:attachment":[{"href":"https:\/\/art4-info.com\/fr\/wp-json\/wp\/v2\/media?parent=5821"}],"curies":[{"name":"wp","href":"https:\/\/api.w.org\/{rel}","templated":true}]}}