{"id":557,"date":"2020-02-13T13:36:59","date_gmt":"2020-02-13T12:36:59","guid":{"rendered":"https:\/\/hope-info.com\/bruno-wilbert-persoenliche-worte-zu-hope\/"},"modified":"2020-04-02T13:09:16","modified_gmt":"2020-04-02T11:09:16","slug":"bruno-wilbert-persoenliche-worte-zu-hope","status":"publish","type":"page","link":"https:\/\/art4-info.com\/fr\/bruno-wilbert-persoenliche-worte-zu-hope\/","title":{"rendered":"Bruno Wilbert &#8212; Des mots personnels sur le projet"},"content":{"rendered":"<p style=\"text-align: left;\"><strong><img loading=\"lazy\" decoding=\"async\" class=\"size-full wp-image-443 alignleft\" src=\"https:\/\/hope-info.com\/wp-content\/uploads\/2020\/03\/12-2-72-200.jpg\" alt=\"\" width=\"200\" height=\"200\" srcset=\"https:\/\/art4-info.com\/wp-content\/uploads\/2020\/03\/12-2-72-200.jpg 200w, https:\/\/art4-info.com\/wp-content\/uploads\/2020\/03\/12-2-72-200-80x80.jpg 80w, https:\/\/art4-info.com\/wp-content\/uploads\/2020\/03\/12-2-72-200-36x36.jpg 36w, https:\/\/art4-info.com\/wp-content\/uploads\/2020\/03\/12-2-72-200-180x180.jpg 180w\" sizes=\"auto, (max-width: 200px) 100vw, 200px\" \/><\/strong><\/p>\n<p><strong>Ch\u00e8res visiteuses, chers visiteurs qui marquez votre int\u00e9r\u00eat pour ce site web,<\/strong><\/p>\n<p>je suis tr\u00e8s heureux de voir que les choses \u00e9voluent positivement et que de plus en plus de gens donnent libre cours \u00e0 leur m\u00e9contentement justifi\u00e9 face au \u00ab\u00a0dynamisme\u00a0\u00bb politique encore bien insuffisant \u00e0 l&rsquo;\u00e9chelon du monde entier en mati\u00e8re de protection du climat, de l\u2019environnement et de la nature.<\/p>\n<p>Face \u00e0 l\u2019urgence des mesures politiques requises, il est malheureusement n\u00e9cessaire qu\u2019un tr\u00e8s grand nombre de personnes dans le monde incitent et encouragent les responsables politiques \u00e0 agir de fa\u00e7on nettement plus syst\u00e9matique et clairvoyante.<\/p>\n<p>Le travail \u00e0 accomplir est consid\u00e9rable, car les probl\u00e8mes mondiaux dans les domaines de la protection du climat, de l\u2019environnement et de la nature n\u2019ont malheureusement pas perdu de leur acuit\u00e9 ces derni\u00e8res ann\u00e9es. Qu\u2019il s\u2019agisse de la protection des esp\u00e8ces ou des mers, de la sauvegarde des for\u00eats et de la flore, de notre alimentation, des ressources en eau potable et de bien d\u2019autres probl\u00e8mes li\u00e9s \u00e0 la protection du climat, de la nature et de l\u2019environnement, bon nombre de probl\u00e8mes mondiaux doivent de toute urgence trouver une solution.<\/p>\n<p>Dans le captivant documentaire \u00ab Les d\u00e9chets plastiques menacent les baleines en M\u00e9diterran\u00e9e \u00bb, une phrase de l\u2019oc\u00e9anographe Sabina Airoldi m\u2019a interpell\u00e9: \u00ab L\u2019heure est venue de se dire: <strong>je<\/strong> dois agir <strong>maintenant<\/strong> \u00bb. C\u2019est pr\u00e9cis\u00e9ment cette petite phrase qui m\u2019a d\u00e9cid\u00e9 \u00e0 mettre en \u0153uvre le projet d&rsquo;information \u00ab Hope \u00bb.<\/p>\n<p>Aujourd\u2019hui, nombre de documentaires et d&rsquo;articles int\u00e9ressants disponibles sur l\u2019Internet offrent \u00e0 un vaste public la fantastique opportunit\u00e9 de pouvoir s\u2019informer en d\u00e9tail sur l&rsquo;ensemble des grandes questions li\u00e9es \u00e0 la protection du climat, de l\u2019environnement et de la nature. Cette formidable source d\u2019informations doit non seulement \u00eatre utilis\u00e9e activement d\u00e8s aujourd\u2019hui mais aussi <strong>et surtout \u00e0 l\u2019\u00e9chelon mondial<\/strong>, pour que les probl\u00e8mes inh\u00e9rents \u00e0 ces th\u00e9matiques puissent \u00eatre r\u00e9solus bien plus rapidement gr\u00e2ce \u00e0 des id\u00e9es novatrices et des actions communes.<\/p>\n<p>Je serais tr\u00e8s heureux que le projet d\u2019information \u00ab\u00a0Hope\u00a0\u00bb nous aide tous \u00e0 nous informer bien davantage et \u00e0 nous comporter de mani\u00e8re plus responsable envers notre plan\u00e8te.<\/p>\n<p><strong>THE \u201eHOPE\u201c-INFO-PROJECT<\/strong><br \/>\n\u2026 together we are stronger<\/p>\n<p><em>Bruno Wilbert<\/em><\/p>\n<p>&nbsp;<\/p>\n<p>P.S. Pour mieux faire conna\u00eetre le <strong>projet d\u2019information \u00ab\u00a0Hope\u00a0\u00bb<\/strong>, vous pouvez bien s\u00fbr communiquer le <strong>lien de la page web du projet <\/strong>\u00e0 des amis, des connaissances ou des coll\u00e8gues, ou le diffuser sur des blogs, des groupes de discussion ou votre page web \u2013 <strong>Un grand merci!<\/strong><\/p>\n","protected":false},"excerpt":{"rendered":"<p>Ch\u00e8res visiteuses, chers visiteurs qui marquez votre int\u00e9r\u00eat pour ce site web, je suis tr\u00e8s heureux de voir que les choses \u00e9voluent positivement et que de plus en plus de gens donnent libre cours \u00e0 leur m\u00e9contentement justifi\u00e9 face au \u00ab\u00a0dynamisme\u00a0\u00bb politique encore bien insuffisant \u00e0 l&rsquo;\u00e9chelon du monde entier en mati\u00e8re de protection du [&hellip;]<\/p>\n","protected":false},"author":1,"featured_media":0,"parent":0,"menu_order":0,"comment_status":"closed","ping_status":"closed","template":"","meta":{"footnotes":""},"class_list":["post-557","page","type-page","status-publish","hentry"],"yoast_head":"<!-- This site is optimized with the Yoast SEO plugin v27.0 - https:\/\/yoast.com\/product\/yoast-seo-wordpress\/ -->\n<title>Bruno Wilbert - Des mots personnels sur le projet - ART4<\/title>\n<meta name=\"robots\" content=\"index, follow, max-snippet:-1, max-image-preview:large, max-video-preview:-1\" \/>\n<link rel=\"canonical\" href=\"https:\/\/art4-info.com\/fr\/bruno-wilbert-persoenliche-worte-zu-hope\/\" \/>\n<meta property=\"og:locale\" content=\"fr_FR\" \/>\n<meta property=\"og:type\" content=\"article\" \/>\n<meta property=\"og:title\" content=\"Bruno Wilbert - Des mots personnels sur le projet - ART4\" \/>\n<meta property=\"og:description\" content=\"Ch\u00e8res visiteuses, chers visiteurs qui marquez votre int\u00e9r\u00eat pour ce site web, je suis tr\u00e8s heureux de voir que les choses \u00e9voluent positivement et que de plus en plus de gens donnent libre cours \u00e0 leur m\u00e9contentement justifi\u00e9 face au \u00ab\u00a0dynamisme\u00a0\u00bb politique encore bien insuffisant \u00e0 l&rsquo;\u00e9chelon du monde entier en mati\u00e8re de protection du [&hellip;]\" \/>\n<meta property=\"og:url\" content=\"https:\/\/art4-info.com\/fr\/bruno-wilbert-persoenliche-worte-zu-hope\/\" \/>\n<meta property=\"og:site_name\" content=\"ART4\" \/>\n<meta property=\"article:modified_time\" content=\"2020-04-02T11:09:16+00:00\" \/>\n<meta property=\"og:image\" content=\"https:\/\/hope-info.com\/wp-content\/uploads\/2020\/03\/12-2-72-200.jpg\" \/>\n<meta name=\"twitter:card\" content=\"summary_large_image\" \/>\n<meta name=\"twitter:label1\" content=\"Dur\u00e9e de lecture estim\u00e9e\" \/>\n\t<meta name=\"twitter:data1\" content=\"2 minutes\" \/>\n<script type=\"application\/ld+json\" class=\"yoast-schema-graph\">{\"@context\":\"https:\/\/schema.org\",\"@graph\":[{\"@type\":\"WebPage\",\"@id\":\"https:\/\/art4-info.com\/fr\/bruno-wilbert-persoenliche-worte-zu-hope\/\",\"url\":\"https:\/\/art4-info.com\/fr\/bruno-wilbert-persoenliche-worte-zu-hope\/\",\"name\":\"Bruno Wilbert - Des mots personnels sur le projet - ART4\",\"isPartOf\":{\"@id\":\"https:\/\/art4-info.com\/en\/#website\"},\"primaryImageOfPage\":{\"@id\":\"https:\/\/art4-info.com\/fr\/bruno-wilbert-persoenliche-worte-zu-hope\/#primaryimage\"},\"image\":{\"@id\":\"https:\/\/art4-info.com\/fr\/bruno-wilbert-persoenliche-worte-zu-hope\/#primaryimage\"},\"thumbnailUrl\":\"https:\/\/hope-info.com\/wp-content\/uploads\/2020\/03\/12-2-72-200.jpg\",\"datePublished\":\"2020-02-13T12:36:59+00:00\",\"dateModified\":\"2020-04-02T11:09:16+00:00\",\"breadcrumb\":{\"@id\":\"https:\/\/art4-info.com\/fr\/bruno-wilbert-persoenliche-worte-zu-hope\/#breadcrumb\"},\"inLanguage\":\"fr-FR\",\"potentialAction\":[{\"@type\":\"ReadAction\",\"target\":[\"https:\/\/art4-info.com\/fr\/bruno-wilbert-persoenliche-worte-zu-hope\/\"]}]},{\"@type\":\"ImageObject\",\"inLanguage\":\"fr-FR\",\"@id\":\"https:\/\/art4-info.com\/fr\/bruno-wilbert-persoenliche-worte-zu-hope\/#primaryimage\",\"url\":\"https:\/\/hope-info.com\/wp-content\/uploads\/2020\/03\/12-2-72-200.jpg\",\"contentUrl\":\"https:\/\/hope-info.com\/wp-content\/uploads\/2020\/03\/12-2-72-200.jpg\"},{\"@type\":\"BreadcrumbList\",\"@id\":\"https:\/\/art4-info.com\/fr\/bruno-wilbert-persoenliche-worte-zu-hope\/#breadcrumb\",\"itemListElement\":[{\"@type\":\"ListItem\",\"position\":1,\"name\":\"Startseite\",\"item\":\"https:\/\/art4-info.com\/fr\/\"},{\"@type\":\"ListItem\",\"position\":2,\"name\":\"Bruno Wilbert &#8212; Des mots personnels sur le projet\"}]},{\"@type\":\"WebSite\",\"@id\":\"https:\/\/art4-info.com\/en\/#website\",\"url\":\"https:\/\/art4-info.com\/en\/\",\"name\":\"ART4\",\"description\":\"\u2026 together we are stronger!\",\"potentialAction\":[{\"@type\":\"SearchAction\",\"target\":{\"@type\":\"EntryPoint\",\"urlTemplate\":\"https:\/\/art4-info.com\/en\/?s={search_term_string}\"},\"query-input\":{\"@type\":\"PropertyValueSpecification\",\"valueRequired\":true,\"valueName\":\"search_term_string\"}}],\"inLanguage\":\"fr-FR\"}]}<\/script>\n<!-- \/ Yoast SEO plugin. -->","yoast_head_json":{"title":"Bruno Wilbert - Des mots personnels sur le projet - ART4","robots":{"index":"index","follow":"follow","max-snippet":"max-snippet:-1","max-image-preview":"max-image-preview:large","max-video-preview":"max-video-preview:-1"},"canonical":"https:\/\/art4-info.com\/fr\/bruno-wilbert-persoenliche-worte-zu-hope\/","og_locale":"fr_FR","og_type":"article","og_title":"Bruno Wilbert - Des mots personnels sur le projet - ART4","og_description":"Ch\u00e8res visiteuses, chers visiteurs qui marquez votre int\u00e9r\u00eat pour ce site web, je suis tr\u00e8s heureux de voir que les choses \u00e9voluent positivement et que de plus en plus de gens donnent libre cours \u00e0 leur m\u00e9contentement justifi\u00e9 face au \u00ab\u00a0dynamisme\u00a0\u00bb politique encore bien insuffisant \u00e0 l&rsquo;\u00e9chelon du monde entier en mati\u00e8re de protection du [&hellip;]","og_url":"https:\/\/art4-info.com\/fr\/bruno-wilbert-persoenliche-worte-zu-hope\/","og_site_name":"ART4","article_modified_time":"2020-04-02T11:09:16+00:00","og_image":[{"url":"https:\/\/hope-info.com\/wp-content\/uploads\/2020\/03\/12-2-72-200.jpg","type":"","width":"","height":""}],"twitter_card":"summary_large_image","twitter_misc":{"Dur\u00e9e de lecture estim\u00e9e":"2 minutes"},"schema":{"@context":"https:\/\/schema.org","@graph":[{"@type":"WebPage","@id":"https:\/\/art4-info.com\/fr\/bruno-wilbert-persoenliche-worte-zu-hope\/","url":"https:\/\/art4-info.com\/fr\/bruno-wilbert-persoenliche-worte-zu-hope\/","name":"Bruno Wilbert - Des mots personnels sur le projet - ART4","isPartOf":{"@id":"https:\/\/art4-info.com\/en\/#website"},"primaryImageOfPage":{"@id":"https:\/\/art4-info.com\/fr\/bruno-wilbert-persoenliche-worte-zu-hope\/#primaryimage"},"image":{"@id":"https:\/\/art4-info.com\/fr\/bruno-wilbert-persoenliche-worte-zu-hope\/#primaryimage"},"thumbnailUrl":"https:\/\/hope-info.com\/wp-content\/uploads\/2020\/03\/12-2-72-200.jpg","datePublished":"2020-02-13T12:36:59+00:00","dateModified":"2020-04-02T11:09:16+00:00","breadcrumb":{"@id":"https:\/\/art4-info.com\/fr\/bruno-wilbert-persoenliche-worte-zu-hope\/#breadcrumb"},"inLanguage":"fr-FR","potentialAction":[{"@type":"ReadAction","target":["https:\/\/art4-info.com\/fr\/bruno-wilbert-persoenliche-worte-zu-hope\/"]}]},{"@type":"ImageObject","inLanguage":"fr-FR","@id":"https:\/\/art4-info.com\/fr\/bruno-wilbert-persoenliche-worte-zu-hope\/#primaryimage","url":"https:\/\/hope-info.com\/wp-content\/uploads\/2020\/03\/12-2-72-200.jpg","contentUrl":"https:\/\/hope-info.com\/wp-content\/uploads\/2020\/03\/12-2-72-200.jpg"},{"@type":"BreadcrumbList","@id":"https:\/\/art4-info.com\/fr\/bruno-wilbert-persoenliche-worte-zu-hope\/#breadcrumb","itemListElement":[{"@type":"ListItem","position":1,"name":"Startseite","item":"https:\/\/art4-info.com\/fr\/"},{"@type":"ListItem","position":2,"name":"Bruno Wilbert &#8212; Des mots personnels sur le projet"}]},{"@type":"WebSite","@id":"https:\/\/art4-info.com\/en\/#website","url":"https:\/\/art4-info.com\/en\/","name":"ART4","description":"\u2026 together we are stronger!","potentialAction":[{"@type":"SearchAction","target":{"@type":"EntryPoint","urlTemplate":"https:\/\/art4-info.com\/en\/?s={search_term_string}"},"query-input":{"@type":"PropertyValueSpecification","valueRequired":true,"valueName":"search_term_string"}}],"inLanguage":"fr-FR"}]}},"_links":{"self":[{"href":"https:\/\/art4-info.com\/fr\/wp-json\/wp\/v2\/pages\/557","targetHints":{"allow":["GET"]}}],"collection":[{"href":"https:\/\/art4-info.com\/fr\/wp-json\/wp\/v2\/pages"}],"about":[{"href":"https:\/\/art4-info.com\/fr\/wp-json\/wp\/v2\/types\/page"}],"author":[{"embeddable":true,"href":"https:\/\/art4-info.com\/fr\/wp-json\/wp\/v2\/users\/1"}],"replies":[{"embeddable":true,"href":"https:\/\/art4-info.com\/fr\/wp-json\/wp\/v2\/comments?post=557"}],"version-history":[{"count":9,"href":"https:\/\/art4-info.com\/fr\/wp-json\/wp\/v2\/pages\/557\/revisions"}],"predecessor-version":[{"id":3951,"href":"https:\/\/art4-info.com\/fr\/wp-json\/wp\/v2\/pages\/557\/revisions\/3951"}],"wp:attachment":[{"href":"https:\/\/art4-info.com\/fr\/wp-json\/wp\/v2\/media?parent=557"}],"curies":[{"name":"wp","href":"https:\/\/api.w.org\/{rel}","templated":true}]}}