{"id":5819,"date":"2026-03-03T11:08:34","date_gmt":"2026-03-03T10:08:34","guid":{"rendered":"https:\/\/art4-info.com\/?page_id=5819"},"modified":"2026-03-27T17:29:51","modified_gmt":"2026-03-27T16:29:51","slug":"squares-art","status":"publish","type":"page","link":"https:\/\/art4-info.com\/de\/squares-art\/","title":{"rendered":"SQUARES ART"},"content":{"rendered":"<div id='full_slider_1'  class='avia-fullwidth-slider main_color avia-shadow   avia-builder-el-0  el_before_av_section  avia-builder-el-first   container_wrap fullsize' style=' '  ><div   data-size='featured'  data-lightbox_size='large'  data-animation='slide'  data-conditional_play=''  data-ids='1173'  data-video_counter='0'  data-autoplay='false'  data-bg_slider='false'  data-slide_height=''  data-handle='av_slideshow_full'  data-interval='5'  data-class=' '  data-el_id=''  data-css_id=''  data-scroll_down=''  data-control_layout='av-control-default'  data-custom_markup=''  data-perma_caption=''  data-autoplay_stopper=''  data-image_attachment=''  data-min_height='0px'  data-src=''  data-position='top left'  data-repeat='no-repeat'  data-attach='scroll'  data-stretch=''  data-default-height='28.6666666667'  class='avia-slideshow avia-slideshow-1  av-control-default av-default-height-applied avia-slideshow-featured av_slideshow_full   avia-slide-slider '  itemprop=\"image\" itemscope=\"itemscope\" itemtype=\"https:\/\/schema.org\/ImageObject\" ><ul class='avia-slideshow-inner ' style='padding-bottom: 28.6666666667%;' ><li  class=' av-single-slide slide-1 ' ><div data-rel='slideshow-1' class='avia-slide-wrap '   ><img src='https:\/\/art4-info.com\/wp-content\/uploads\/2021\/12\/ART4-1500x430.jpg' width='1500' height='430' title='' alt=''  itemprop=\"thumbnailUrl\"   \/><\/div><\/li><\/ul><\/div><\/div>\n<div id='av_section_1'  class='avia-section main_color avia-section-large avia-no-border-styling  avia-bg-style-scroll  avia-builder-el-1  el_after_av_slideshow_full  el_before_av_section   container_wrap fullsize' style='background-color: #f4f4f4;  '  ><div class='container' ><div class='template-page content  av-content-full alpha units'><div class='post-entry post-entry-type-page post-entry-5819'><div class='entry-content-wrapper clearfix'>\n<div class=\"flex_column av_one_full  flex_column_div av-zero-column-padding first  avia-builder-el-2  el_before_av_one_half  avia-builder-el-first  \" style='border-radius:0px; '><div  style='padding-bottom:10px; ' class='av-special-heading av-special-heading-h2 custom-color-heading blockquote modern-quote  avia-builder-el-3  avia-builder-el-no-sibling  '><h2 class='av-special-heading-tag '  itemprop=\"headline\"  >SQUARES ART Objekte &#8211; Daten und Kunst bilden eine faszinierende Symbiose \u2026<\/h2><div class='special-heading-border'><div class='special-heading-inner-border' ><\/div><\/div><\/div><\/div><div class=\"flex_column av_one_half  flex_column_div av-zero-column-padding first  avia-builder-el-4  el_after_av_one_full  el_before_av_one_half  column-top-margin\" style='border-radius:0px; '><div  class='avia-image-container  av-styling-  av-has-copyright av-copyright-icon-reveal   avia-builder-el-5  avia-builder-el-no-sibling  avia-align-center '  itemprop=\"image\" itemscope=\"itemscope\" itemtype=\"https:\/\/schema.org\/ImageObject\"  ><div class='avia-image-container-inner'><div class='avia-image-overlay-wrap'><img class='avia_image' src='https:\/\/art4-info.com\/wp-content\/uploads\/2026\/02\/THE-COLOURS-OF-TOGETHERNESS.jpg' alt='' title='' height=\"1389\" width=\"1500\"  itemprop=\"thumbnailUrl\"  \/><\/div><small class='avia-copyright'>SQUARES ART-Objekt aus der Titelreihe THE COLOURS OF TOGETHERNESS im Format 160 x 160 cm - \u00a9 Bruno Wilbert<\/small><\/div><\/div><\/div><div class=\"flex_column av_one_half  flex_column_div av-zero-column-padding   avia-builder-el-6  el_after_av_one_half  avia-builder-el-last  column-top-margin\" style='border-radius:0px; '><section class=\"av_textblock_section \"  itemscope=\"itemscope\" itemtype=\"https:\/\/schema.org\/CreativeWork\" ><div class='avia_textblock  '   itemprop=\"text\" ><p><strong>SQUARES ART Objekte<\/strong> bestehen aus farbintensiven und systematisch angeordneten Quadraten, die R\u00e4ume wirkungsvoll zum Leuchten bringen.<\/p>\n<p>Die Objekte mit ihren <strong>maxi<\/strong>minimalistischen Elementen halten auf eine einzigartige Weise bedeutungsvolle Momente fest und ein beliebiges Datum, aber auch beliebige Jahreszahl- und Datumskombinationen verschmelzen in diesen Objekten kunstvoll zu einer harmonischen Einheit \u2013 so wird jedes Werk zu einer Neukomposition und erz\u00e4hlt eine jeweils eigene Geschichte.<\/p>\n<p>Visualisiert werden die jeweiligen Daten durch eine entsprechende Positionierung der Quadrate zueinander \u2013 orientiert am Prinzip einer analogen Uhr. Dieses Visualisierungskonzept ist weltweit einmalig und macht die Objekte zu besonderen Geschenken f\u00fcr Geburtstage, Hochzeiten, Jubil\u00e4en und zahlreiche andere Anl\u00e4sse. Die Variationsbreite ist dabei nahezu grenzenlos, denn selbst bei kleinen <strong>SQUARES ART Objekten<\/strong> ist eine Visualisierung von Zahlen zwischen 0 und einer <strong>Trillion<\/strong> m\u00f6glich.<\/p>\n<\/div><\/section><\/div>\n\n<\/div><\/div><\/div><!-- close content main div --><\/div><\/div><div id='av_section_2'  class='avia-section main_color avia-section-large avia-no-border-styling  avia-bg-style-scroll  avia-builder-el-8  el_after_av_section  el_before_av_section   container_wrap fullsize' style='background-color: #f4f4f4;  '  ><div class='container' ><div class='template-page content  av-content-full alpha units'><div class='post-entry post-entry-type-page post-entry-5819'><div class='entry-content-wrapper clearfix'>\n<div class=\"flex_column av_one_full  flex_column_div av-zero-column-padding first  avia-builder-el-9  el_before_av_one_half  avia-builder-el-first  \" style='border-radius:0px; '><div  style='padding-bottom:10px; ' class='av-special-heading av-special-heading-h2 custom-color-heading blockquote modern-quote  avia-builder-el-10  avia-builder-el-no-sibling  '><h2 class='av-special-heading-tag '  itemprop=\"headline\"  >THE COLOURS OF TOGETHERNESS 1998 &#8211; 2025 &#8230;<\/h2><div class='special-heading-border'><div class='special-heading-inner-border' ><\/div><\/div><\/div><\/div><div class=\"flex_column av_one_half  flex_column_div av-zero-column-padding first  avia-builder-el-11  el_after_av_one_full  el_before_av_one_half  column-top-margin\" style='border-radius:0px; '><div  class='avia-image-container  av-styling-  av-has-copyright av-copyright-icon-reveal   avia-builder-el-12  avia-builder-el-no-sibling  avia-align-center '  itemprop=\"image\" itemscope=\"itemscope\" itemtype=\"https:\/\/schema.org\/ImageObject\"  ><div class='avia-image-container-inner'><div class='avia-image-overlay-wrap'><img class='avia_image' src='https:\/\/art4-info.com\/wp-content\/uploads\/2026\/03\/Webseite-SQUARES-ART-140-x-140-cm-.jpg' alt='' title='' height=\"1385\" width=\"1500\"  itemprop=\"thumbnailUrl\"  \/><\/div><small class='avia-copyright'>SQUARES ART Objekt mit dem Titel THE COLOURS OF TOGETHERNESS 1998 - 2025 - \u00a9 Bruno Wilbert<\/small><\/div><\/div><\/div><div class=\"flex_column av_one_half  flex_column_div av-zero-column-padding   avia-builder-el-13  el_after_av_one_half  avia-builder-el-last  column-top-margin\" style='border-radius:0px; '><section class=\"av_textblock_section \"  itemscope=\"itemscope\" itemtype=\"https:\/\/schema.org\/CreativeWork\" ><div class='avia_textblock  '   itemprop=\"text\" ><p>\u2026 eine Hommage auf ein beispielhaftes Gemeinschaftsprojekt von <strong>L\u00e9lia Wanick Salgado und<\/strong> <strong>Sebasti\u00e3o Salgado<\/strong>. Das Projekt begann mit der Gr\u00fcndung der Umweltorganisation <strong>INSTITUTO TERRA<\/strong> im Jahr 1998, die zu einer weltweit f\u00fchrenden gemeinn\u00fctzigen Organisation f\u00fcr Umweltsanierung und Wiederaufforstung des Atlantischen Regenwaldes wurde. Das Institut hat bereits mehr als 3 Millionen B\u00e4ume gepflanzt, rund 2.500 Quellen wiederhergestellt und engagiert sich aktiv f\u00fcr Umweltbildung und nachhaltige l\u00e4ndliche Entwicklung.<\/p>\n<p>L\u00e9lia Wanick Salgado und ihr 2025 verstorbener Ehemann Sebasti\u00e3o Salgado konnten in ihrer gemeinsamen Zeit Gro\u00dfartiges bewirken und sie sind, mit den zahlreichen anderen Unterst\u00fctzer\/innen des Projektes, ein ermutigendes und wunderbares Beispiel f\u00fcr die beeindruckende Kraft des Miteinanders.<\/p>\n<p>Die Objekte aus der Titelreihe <strong>THE COLOURS OF TOGETHERNESS<\/strong> haben nicht nur eine besondere Wirkung, sondern sie transportieren auch eine sehr sch\u00f6ne Botschaft, die immer mehr an Bedeutung gewinnt: <strong>Miteinander statt Gegeneinander<\/strong> &#8211; die einfachste Formel f\u00fcr die Entstehung von Positivem, angefangen in Beziehungen, Familien und Unternehmen, \u00fcber das Zusammenleben der V\u00f6lker, bis hin zu dem Umgang mit unserer Natur und der Umwelt.<\/p>\n<p>Bei den Objekten <strong>THE COLOURS OF TOGETHERNESS\u00a0 1998 \u2013 2025 <\/strong>verzichte ich auf jegliche Honorierungen und die Objekte sind im Rahmen des <strong>SQUARES ART-Projektes<\/strong> in 7 Formaten erh\u00e4ltlich.<\/p>\n<p>N\u00e4here Informationen zum Projekt, zu den Objekten und zu den au\u00dfergew\u00f6hnlichen Konditionen, sende ich Ihnen gerne per E-Mail zu.<\/p>\n<p>Ihre Anfrage senden Sie bitte an: <a href=\"mailto:info@bruno-wilbert.com\">info(at)bruno-wilbert.com<\/a><\/p>\n<\/div><\/section><\/div><\/div><\/div><\/div><!-- close content main div --><\/div><\/div><div id='av_section_3'  class='avia-section main_color avia-section-large avia-no-border-styling  avia-bg-style-scroll  avia-builder-el-15  el_after_av_section  el_before_av_section   container_wrap fullsize' style=' '  ><div class='container' ><div class='template-page content  av-content-full alpha units'><div class='post-entry post-entry-type-page post-entry-5819'><div class='entry-content-wrapper clearfix'>\n<div class=\"flex_column av_one_full  flex_column_div av-zero-column-padding first  avia-builder-el-16  el_before_av_one_half  avia-builder-el-first  \" style='border-radius:0px; '><\/div><div class=\"flex_column av_one_half  flex_column_div av-zero-column-padding first  avia-builder-el-18  el_after_av_one_full  el_before_av_one_half  column-top-margin\" style='border-radius:0px; '><section class=\"av_textblock_section \"  itemscope=\"itemscope\" itemtype=\"https:\/\/schema.org\/CreativeWork\" ><div class='avia_textblock  '   itemprop=\"text\" ><\/div><\/section><\/div><div class=\"flex_column av_one_half  flex_column_div av-zero-column-padding   avia-builder-el-20  el_after_av_one_half  avia-builder-el-last  column-top-margin\" style='border-radius:0px; '><\/div>\n<\/p>\n<\/div><\/div><\/div><!-- close content main div --><\/div><\/div><div id='footerbox'  class='avia-section main_color avia-section-default avia-no-border-styling  avia-full-stretch avia-bg-style-scroll  avia-builder-el-22  el_after_av_section  avia-builder-el-last   av-minimum-height av-minimum-height-40  container_wrap fullsize' style='background-repeat: no-repeat; background-image: url(https:\/\/art4-info.com\/wp-content\/uploads\/2021\/12\/ART4.jpg);background-attachment: scroll; background-position: center center;  '  data-section-bg-repeat='stretch' data-av_minimum_height_pc='40'><div class='container' ><div class='template-page content  av-content-full alpha units'><div class='post-entry post-entry-type-page post-entry-5819'><div class='entry-content-wrapper clearfix'>\n<div  style='padding-bottom:10px; color:#ffffff;' class='av-special-heading av-special-heading-h2 custom-color-heading blockquote modern-quote modern-centered  avia-builder-el-23  el_before_av_hr  avia-builder-el-first  '><h2 class='av-special-heading-tag '  itemprop=\"headline\"  >&#8230; together we are stronger<\/h2><div class='special-heading-border'><div class='special-heading-inner-border' style='border-color:#ffffff'><\/div><\/div><\/div>\n<div  style='height:50px' class='hr hr-invisible   avia-builder-el-24  el_after_av_heading  avia-builder-el-last '><span class='hr-inner ' ><span class='hr-inner-style'><\/span><\/span><\/div>\n\n","protected":false},"excerpt":{"rendered":"","protected":false},"author":1,"featured_media":0,"parent":0,"menu_order":0,"comment_status":"closed","ping_status":"closed","template":"","meta":{"footnotes":""},"class_list":["post-5819","page","type-page","status-publish","hentry"],"yoast_head":"<!-- This site is optimized with the Yoast SEO plugin v27.0 - https:\/\/yoast.com\/product\/yoast-seo-wordpress\/ -->\n<title>SQUARES ART - ART4<\/title>\n<meta name=\"robots\" content=\"index, follow, max-snippet:-1, max-image-preview:large, max-video-preview:-1\" \/>\n<link rel=\"canonical\" href=\"https:\/\/art4-info.com\/de\/squares-art\/\" \/>\n<meta property=\"og:locale\" content=\"de_DE\" \/>\n<meta property=\"og:type\" content=\"article\" \/>\n<meta property=\"og:title\" content=\"SQUARES ART - ART4\" \/>\n<meta property=\"og:url\" content=\"https:\/\/art4-info.com\/de\/squares-art\/\" \/>\n<meta property=\"og:site_name\" content=\"ART4\" \/>\n<meta property=\"article:modified_time\" content=\"2026-03-27T16:29:51+00:00\" \/>\n<meta name=\"twitter:card\" content=\"summary_large_image\" \/>\n<meta name=\"twitter:label1\" content=\"Gesch\u00e4tzte Lesezeit\" \/>\n\t<meta name=\"twitter:data1\" content=\"14\u00a0Minuten\" \/>\n<script type=\"application\/ld+json\" class=\"yoast-schema-graph\">{\"@context\":\"https:\/\/schema.org\",\"@graph\":[{\"@type\":\"WebPage\",\"@id\":\"https:\/\/art4-info.com\/de\/squares-art\/\",\"url\":\"https:\/\/art4-info.com\/de\/squares-art\/\",\"name\":\"SQUARES ART - ART4\",\"isPartOf\":{\"@id\":\"https:\/\/art4-info.com\/en\/#website\"},\"datePublished\":\"2026-03-03T10:08:34+00:00\",\"dateModified\":\"2026-03-27T16:29:51+00:00\",\"breadcrumb\":{\"@id\":\"https:\/\/art4-info.com\/de\/squares-art\/#breadcrumb\"},\"inLanguage\":\"de\",\"potentialAction\":[{\"@type\":\"ReadAction\",\"target\":[\"https:\/\/art4-info.com\/de\/squares-art\/\"]}]},{\"@type\":\"BreadcrumbList\",\"@id\":\"https:\/\/art4-info.com\/de\/squares-art\/#breadcrumb\",\"itemListElement\":[{\"@type\":\"ListItem\",\"position\":1,\"name\":\"Startseite\",\"item\":\"https:\/\/art4-info.com\/de\/\"},{\"@type\":\"ListItem\",\"position\":2,\"name\":\"SQUARES ART\"}]},{\"@type\":\"WebSite\",\"@id\":\"https:\/\/art4-info.com\/en\/#website\",\"url\":\"https:\/\/art4-info.com\/en\/\",\"name\":\"ART4\",\"description\":\"\u2026 together we are stronger!\",\"potentialAction\":[{\"@type\":\"SearchAction\",\"target\":{\"@type\":\"EntryPoint\",\"urlTemplate\":\"https:\/\/art4-info.com\/en\/?s={search_term_string}\"},\"query-input\":{\"@type\":\"PropertyValueSpecification\",\"valueRequired\":true,\"valueName\":\"search_term_string\"}}],\"inLanguage\":\"de\"}]}<\/script>\n<!-- \/ Yoast SEO plugin. -->","yoast_head_json":{"title":"SQUARES ART - ART4","robots":{"index":"index","follow":"follow","max-snippet":"max-snippet:-1","max-image-preview":"max-image-preview:large","max-video-preview":"max-video-preview:-1"},"canonical":"https:\/\/art4-info.com\/de\/squares-art\/","og_locale":"de_DE","og_type":"article","og_title":"SQUARES ART - ART4","og_url":"https:\/\/art4-info.com\/de\/squares-art\/","og_site_name":"ART4","article_modified_time":"2026-03-27T16:29:51+00:00","twitter_card":"summary_large_image","twitter_misc":{"Gesch\u00e4tzte Lesezeit":"14\u00a0Minuten"},"schema":{"@context":"https:\/\/schema.org","@graph":[{"@type":"WebPage","@id":"https:\/\/art4-info.com\/de\/squares-art\/","url":"https:\/\/art4-info.com\/de\/squares-art\/","name":"SQUARES ART - ART4","isPartOf":{"@id":"https:\/\/art4-info.com\/en\/#website"},"datePublished":"2026-03-03T10:08:34+00:00","dateModified":"2026-03-27T16:29:51+00:00","breadcrumb":{"@id":"https:\/\/art4-info.com\/de\/squares-art\/#breadcrumb"},"inLanguage":"de","potentialAction":[{"@type":"ReadAction","target":["https:\/\/art4-info.com\/de\/squares-art\/"]}]},{"@type":"BreadcrumbList","@id":"https:\/\/art4-info.com\/de\/squares-art\/#breadcrumb","itemListElement":[{"@type":"ListItem","position":1,"name":"Startseite","item":"https:\/\/art4-info.com\/de\/"},{"@type":"ListItem","position":2,"name":"SQUARES ART"}]},{"@type":"WebSite","@id":"https:\/\/art4-info.com\/en\/#website","url":"https:\/\/art4-info.com\/en\/","name":"ART4","description":"\u2026 together we are stronger!","potentialAction":[{"@type":"SearchAction","target":{"@type":"EntryPoint","urlTemplate":"https:\/\/art4-info.com\/en\/?s={search_term_string}"},"query-input":{"@type":"PropertyValueSpecification","valueRequired":true,"valueName":"search_term_string"}}],"inLanguage":"de"}]}},"_links":{"self":[{"href":"https:\/\/art4-info.com\/de\/wp-json\/wp\/v2\/pages\/5819","targetHints":{"allow":["GET"]}}],"collection":[{"href":"https:\/\/art4-info.com\/de\/wp-json\/wp\/v2\/pages"}],"about":[{"href":"https:\/\/art4-info.com\/de\/wp-json\/wp\/v2\/types\/page"}],"author":[{"embeddable":true,"href":"https:\/\/art4-info.com\/de\/wp-json\/wp\/v2\/users\/1"}],"replies":[{"embeddable":true,"href":"https:\/\/art4-info.com\/de\/wp-json\/wp\/v2\/comments?post=5819"}],"version-history":[{"count":9,"href":"https:\/\/art4-info.com\/de\/wp-json\/wp\/v2\/pages\/5819\/revisions"}],"predecessor-version":[{"id":5947,"href":"https:\/\/art4-info.com\/de\/wp-json\/wp\/v2\/pages\/5819\/revisions\/5947"}],"wp:attachment":[{"href":"https:\/\/art4-info.com\/de\/wp-json\/wp\/v2\/media?parent=5819"}],"curies":[{"name":"wp","href":"https:\/\/api.w.org\/{rel}","templated":true}]}}